{"id":114,"date":"2019-07-08T12:05:23","date_gmt":"2019-07-08T10:05:23","guid":{"rendered":"https:\/\/www.afaex.org\/afaex\/?page_id=114"},"modified":"2019-09-21T17:45:45","modified_gmt":"2019-09-21T15:45:45","slug":"contactar-con-afaex","status":"publish","type":"page","link":"https:\/\/www.afaex.org\/afaex\/contactar-con-afaex\/","title":{"rendered":"Contactar con AFAEX"},"content":{"rendered":"","protected":false},"excerpt":{"rendered":"","protected":false},"author":1,"featured_media":473,"parent":0,"menu_order":140,"comment_status":"closed","ping_status":"closed","template":"","meta":{"spay_email":""},"yoast_head":"<!-- This site is optimized with the Yoast SEO plugin v18.0 - https:\/\/yoast.com\/wordpress\/plugins\/seo\/ -->\n<title>Contactar con AFAEX - Dinos c\u00f3mo podemos ayudarte<\/title>\n<meta name=\"description\" content=\"No dudes en contactar con AFAEX. Dinos c\u00f3mo podemos ayudarte a trav\u00e9s del formulario y nos pondremos en contacto contigo lo antes posible.\" \/>\n<meta name=\"robots\" content=\"index, follow, max-snippet:-1, max-image-preview:large, max-video-preview:-1\" \/>\n<link rel=\"canonical\" href=\"https:\/\/www.afaex.org\/afaex\/contactar-con-afaex\/\" \/>\n<meta property=\"og:locale\" content=\"es_ES\" \/>\n<meta property=\"og:type\" content=\"article\" \/>\n<meta property=\"og:title\" content=\"Contactar con AFAEX - Dinos c\u00f3mo podemos ayudarte\" \/>\n<meta property=\"og:description\" content=\"No dudes en contactar con AFAEX. Dinos c\u00f3mo podemos ayudarte a trav\u00e9s del formulario y nos pondremos en contacto contigo lo antes posible.\" \/>\n<meta property=\"og:url\" content=\"https:\/\/www.afaex.org\/afaex\/contactar-con-afaex\/\" \/>\n<meta property=\"og:site_name\" content=\"AFAEX\" \/>\n<meta property=\"article:publisher\" content=\"https:\/\/www.facebook.com\/afaex.alzheimer\" \/>\n<meta property=\"article:modified_time\" content=\"2019-09-21T15:45:45+00:00\" \/>\n<meta property=\"og:image\" content=\"https:\/\/www.afaex.org\/afaex\/media\/2019\/09\/AFAEX.png\" \/>\n\t<meta property=\"og:image:width\" content=\"780\" \/>\n\t<meta property=\"og:image:height\" content=\"780\" \/>\n\t<meta property=\"og:image:type\" content=\"image\/png\" \/>\n<meta name=\"twitter:card\" content=\"summary_large_image\" \/>\n<meta name=\"twitter:site\" content=\"@afaex_alzheimer\" \/>\n<script type=\"application\/ld+json\" class=\"yoast-schema-graph\">{\"@context\":\"https:\/\/schema.org\",\"@graph\":[{\"@type\":\"Organization\",\"@id\":\"https:\/\/www.afaex.org\/afaex\/#organization\",\"name\":\"AFAEX\",\"url\":\"https:\/\/www.afaex.org\/afaex\/\",\"sameAs\":[\"https:\/\/www.facebook.com\/afaex.alzheimer\",\"https:\/\/twitter.com\/afaex_alzheimer\"],\"logo\":{\"@type\":\"ImageObject\",\"@id\":\"https:\/\/www.afaex.org\/afaex\/#logo\",\"inLanguage\":\"es\",\"url\":\"https:\/\/www.afaex.org\/afaex\/media\/2019\/09\/AFAEX.png\",\"contentUrl\":\"https:\/\/www.afaex.org\/afaex\/media\/2019\/09\/AFAEX.png\",\"width\":780,\"height\":780,\"caption\":\"AFAEX\"},\"image\":{\"@id\":\"https:\/\/www.afaex.org\/afaex\/#logo\"}},{\"@type\":\"WebSite\",\"@id\":\"https:\/\/www.afaex.org\/afaex\/#website\",\"url\":\"https:\/\/www.afaex.org\/afaex\/\",\"name\":\"AFAEX\",\"description\":\"Asociaci\u00f3n Extreme\u00f1a de Familiares de enfermos de Alzheimer\",\"publisher\":{\"@id\":\"https:\/\/www.afaex.org\/afaex\/#organization\"},\"potentialAction\":[{\"@type\":\"SearchAction\",\"target\":{\"@type\":\"EntryPoint\",\"urlTemplate\":\"https:\/\/www.afaex.org\/afaex\/?s={search_term_string}\"},\"query-input\":\"required name=search_term_string\"}],\"inLanguage\":\"es\"},{\"@type\":\"ImageObject\",\"@id\":\"https:\/\/www.afaex.org\/afaex\/contactar-con-afaex\/#primaryimage\",\"inLanguage\":\"es\",\"url\":\"https:\/\/www.afaex.org\/afaex\/media\/2019\/09\/AFAEX.png\",\"contentUrl\":\"https:\/\/www.afaex.org\/afaex\/media\/2019\/09\/AFAEX.png\",\"width\":780,\"height\":780},{\"@type\":\"WebPage\",\"@id\":\"https:\/\/www.afaex.org\/afaex\/contactar-con-afaex\/#webpage\",\"url\":\"https:\/\/www.afaex.org\/afaex\/contactar-con-afaex\/\",\"name\":\"Contactar con AFAEX - Dinos c\u00f3mo podemos ayudarte\",\"isPartOf\":{\"@id\":\"https:\/\/www.afaex.org\/afaex\/#website\"},\"primaryImageOfPage\":{\"@id\":\"https:\/\/www.afaex.org\/afaex\/contactar-con-afaex\/#primaryimage\"},\"datePublished\":\"2019-07-08T10:05:23+00:00\",\"dateModified\":\"2019-09-21T15:45:45+00:00\",\"description\":\"No dudes en contactar con AFAEX. Dinos c\u00f3mo podemos ayudarte a trav\u00e9s del formulario y nos pondremos en contacto contigo lo antes posible.\",\"breadcrumb\":{\"@id\":\"https:\/\/www.afaex.org\/afaex\/contactar-con-afaex\/#breadcrumb\"},\"inLanguage\":\"es\",\"potentialAction\":[{\"@type\":\"ReadAction\",\"target\":[\"https:\/\/www.afaex.org\/afaex\/contactar-con-afaex\/\"]}]},{\"@type\":\"BreadcrumbList\",\"@id\":\"https:\/\/www.afaex.org\/afaex\/contactar-con-afaex\/#breadcrumb\",\"itemListElement\":[{\"@type\":\"ListItem\",\"position\":1,\"name\":\"Portada\",\"item\":\"https:\/\/www.afaex.org\/afaex\/\"},{\"@type\":\"ListItem\",\"position\":2,\"name\":\"Contactar con AFAEX\"}]}]}<\/script>\n<!-- \/ Yoast SEO plugin. -->","yoast_head_json":{"title":"Contactar con AFAEX - Dinos c\u00f3mo podemos ayudarte","description":"No dudes en contactar con AFAEX. Dinos c\u00f3mo podemos ayudarte a trav\u00e9s del formulario y nos pondremos en contacto contigo lo antes posible.","robots":{"index":"index","follow":"follow","max-snippet":"max-snippet:-1","max-image-preview":"max-image-preview:large","max-video-preview":"max-video-preview:-1"},"canonical":"https:\/\/www.afaex.org\/afaex\/contactar-con-afaex\/","og_locale":"es_ES","og_type":"article","og_title":"Contactar con AFAEX - Dinos c\u00f3mo podemos ayudarte","og_description":"No dudes en contactar con AFAEX. Dinos c\u00f3mo podemos ayudarte a trav\u00e9s del formulario y nos pondremos en contacto contigo lo antes posible.","og_url":"https:\/\/www.afaex.org\/afaex\/contactar-con-afaex\/","og_site_name":"AFAEX","article_publisher":"https:\/\/www.facebook.com\/afaex.alzheimer","article_modified_time":"2019-09-21T15:45:45+00:00","og_image":[{"width":780,"height":780,"url":"https:\/\/www.afaex.org\/afaex\/media\/2019\/09\/AFAEX.png","type":"image\/png"}],"twitter_card":"summary_large_image","twitter_site":"@afaex_alzheimer","schema":{"@context":"https:\/\/schema.org","@graph":[{"@type":"Organization","@id":"https:\/\/www.afaex.org\/afaex\/#organization","name":"AFAEX","url":"https:\/\/www.afaex.org\/afaex\/","sameAs":["https:\/\/www.facebook.com\/afaex.alzheimer","https:\/\/twitter.com\/afaex_alzheimer"],"logo":{"@type":"ImageObject","@id":"https:\/\/www.afaex.org\/afaex\/#logo","inLanguage":"es","url":"https:\/\/www.afaex.org\/afaex\/media\/2019\/09\/AFAEX.png","contentUrl":"https:\/\/www.afaex.org\/afaex\/media\/2019\/09\/AFAEX.png","width":780,"height":780,"caption":"AFAEX"},"image":{"@id":"https:\/\/www.afaex.org\/afaex\/#logo"}},{"@type":"WebSite","@id":"https:\/\/www.afaex.org\/afaex\/#website","url":"https:\/\/www.afaex.org\/afaex\/","name":"AFAEX","description":"Asociaci\u00f3n Extreme\u00f1a de Familiares de enfermos de Alzheimer","publisher":{"@id":"https:\/\/www.afaex.org\/afaex\/#organization"},"potentialAction":[{"@type":"SearchAction","target":{"@type":"EntryPoint","urlTemplate":"https:\/\/www.afaex.org\/afaex\/?s={search_term_string}"},"query-input":"required name=search_term_string"}],"inLanguage":"es"},{"@type":"ImageObject","@id":"https:\/\/www.afaex.org\/afaex\/contactar-con-afaex\/#primaryimage","inLanguage":"es","url":"https:\/\/www.afaex.org\/afaex\/media\/2019\/09\/AFAEX.png","contentUrl":"https:\/\/www.afaex.org\/afaex\/media\/2019\/09\/AFAEX.png","width":780,"height":780},{"@type":"WebPage","@id":"https:\/\/www.afaex.org\/afaex\/contactar-con-afaex\/#webpage","url":"https:\/\/www.afaex.org\/afaex\/contactar-con-afaex\/","name":"Contactar con AFAEX - Dinos c\u00f3mo podemos ayudarte","isPartOf":{"@id":"https:\/\/www.afaex.org\/afaex\/#website"},"primaryImageOfPage":{"@id":"https:\/\/www.afaex.org\/afaex\/contactar-con-afaex\/#primaryimage"},"datePublished":"2019-07-08T10:05:23+00:00","dateModified":"2019-09-21T15:45:45+00:00","description":"No dudes en contactar con AFAEX. Dinos c\u00f3mo podemos ayudarte a trav\u00e9s del formulario y nos pondremos en contacto contigo lo antes posible.","breadcrumb":{"@id":"https:\/\/www.afaex.org\/afaex\/contactar-con-afaex\/#breadcrumb"},"inLanguage":"es","potentialAction":[{"@type":"ReadAction","target":["https:\/\/www.afaex.org\/afaex\/contactar-con-afaex\/"]}]},{"@type":"BreadcrumbList","@id":"https:\/\/www.afaex.org\/afaex\/contactar-con-afaex\/#breadcrumb","itemListElement":[{"@type":"ListItem","position":1,"name":"Portada","item":"https:\/\/www.afaex.org\/afaex\/"},{"@type":"ListItem","position":2,"name":"Contactar con AFAEX"}]}]}},"jetpack_sharing_enabled":true,"_links":{"self":[{"href":"https:\/\/www.afaex.org\/afaex\/wp-json\/wp\/v2\/pages\/114"}],"collection":[{"href":"https:\/\/www.afaex.org\/afaex\/wp-json\/wp\/v2\/pages"}],"about":[{"href":"https:\/\/www.afaex.org\/afaex\/wp-json\/wp\/v2\/types\/page"}],"author":[{"embeddable":true,"href":"https:\/\/www.afaex.org\/afaex\/wp-json\/wp\/v2\/users\/1"}],"replies":[{"embeddable":true,"href":"https:\/\/www.afaex.org\/afaex\/wp-json\/wp\/v2\/comments?post=114"}],"version-history":[{"count":1,"href":"https:\/\/www.afaex.org\/afaex\/wp-json\/wp\/v2\/pages\/114\/revisions"}],"predecessor-version":[{"id":115,"href":"https:\/\/www.afaex.org\/afaex\/wp-json\/wp\/v2\/pages\/114\/revisions\/115"}],"wp:featuredmedia":[{"embeddable":true,"href":"https:\/\/www.afaex.org\/afaex\/wp-json\/wp\/v2\/media\/473"}],"wp:attachment":[{"href":"https:\/\/www.afaex.org\/afaex\/wp-json\/wp\/v2\/media?parent=114"}],"curies":[{"name":"wp","href":"https:\/\/api.w.org\/{rel}","templated":true}]}}