{"id":19,"date":"2019-07-01T17:10:02","date_gmt":"2019-07-01T15:10:02","guid":{"rendered":"https:\/\/www.afaex.org\/afaex\/?page_id=19"},"modified":"2023-07-21T10:06:09","modified_gmt":"2023-07-21T08:06:09","slug":"sobre-afaex","status":"publish","type":"page","link":"https:\/\/www.afaex.org\/afaex\/sobre-afaex\/","title":{"rendered":"Sobre AFAEX"},"content":{"rendered":"<h1 style=\"text-align: left;\">Sobre AFAEX<\/h1>\n<hr class=\"no_line\" \/>\n\n<p>AFAEX(Asociaci\u00f3n Extreme\u00f1a de familiares de personas con Alzheimer y otras enfermedades afines \u201cNuestra Se\u00f1ora de Guadalupe\u201d)<\/p>\n<p>es una entidad social SIN \u00c1NIMO DE LUCRO (ONG), que tiene como \u00e1mbito de actuaci\u00f3n la Comunidad Extreme\u00f1a y su objetivo general es coordinar esfuerzos para ayudar a hacer frente a las situaciones que se derivan de la Enfermedad de Alzheimer, en colaboraci\u00f3n con entidades p\u00fablicas y privadas: gobiernos locales, regionales y estatales, instituciones, empresas, y profesionales del \u00e1mbito social y sanitario.<\/p>\n<hr class=\"no_line\" \/>\n\n<p><a class=\"button  button_size_2 button_js\" href=\"\"    ><span class=\"button_label\">Button<\/span><\/a>\n<br \/>\nleft<br \/>\nno-repeat;left top;;<br \/>\nauto<br \/>\n0px<\/p>\n<p><img src=\"https:\/\/www.afaex.org\/afaex\/media\/2019\/07\/img-quienes-01.png\" alt=\"img-quienes-01\" \/><br \/>\ncenter<\/p>\n<p>Heading<\/p>\n<h2>Grupos de inter\u00e9s de AFAEX<\/h2>\n<p>&lt;!&#8211;<\/p>\n<p>Los afectados directos por la Demencia Alzheimer (enfermo-familia).<\/p>\n<p>Los RR HH de la entidad (socios, Junta Directiva, profesionales, voluntarios y colaboradores).<\/p>\n<p>Toda entidad, p\u00fablica o privada, y\/o grupo profesional que tenga responsabilidad, est\u00e9 implicado en la atenci\u00f3n a los afectados de forma directa o indirecta, o puedan contribuir a cumplir nuestros fines.<\/p>\n<p>La sociedad en general, promoviendo la prevenci\u00f3n, participaci\u00f3n, solidaridad e investigaci\u00f3n.<\/p>\n<hr class=\"no_line\" \/>\n\n<p><a class=\"button  button_size_2 button_js\" href=\"\"    ><span class=\"button_label\">Button<\/span><\/a>\n&#8211;&gt;<br \/>\ncenter<br \/>\nno-repeat;left top;;<br \/>\ncover<br \/>\n0px<\/p>\n<div class=\"image_frame image_item no_link scale-with-grid alignnone no_border\" ><div class=\"image_wrapper\"><img class=\"scale-with-grid\" src=\"\" alt=\"\" title=\"\"  \/><\/div><\/div>\n\n<hr class=\"no_line\" \/>\n\n<p>Los afectados directos por la Demencia Alzheimer (enfermo-familia).<\/p>\n<p>center<br \/>\nno-repeat;left top;;<br \/>\nauto<br \/>\n0px<br \/>\n30px 5% 15px<br \/>\nborder-right: 1px solid #3b559a;<\/p>\n<div class=\"image_frame image_item no_link scale-with-grid alignnone no_border\" ><div class=\"image_wrapper\"><img class=\"scale-with-grid\" src=\"\" alt=\"\" title=\"\"  \/><\/div><\/div>\n\n<hr class=\"no_line\" \/>\n\n<p>Los RR HH de la entidad:<\/p>\n<p>Socios,<\/p>\n<p>Junta Directiva,<\/p>\n<p>Profesionales,<\/p>\n<p>Voluntarios y<\/p>\n<p>Colaboradores.<\/p>\n<p>center<br \/>\nno-repeat;left top;;<br \/>\nauto<br \/>\n0px<br \/>\n30px 5% 15px<br \/>\nborder-right: 1px solid #3b559a;<\/p>\n<div class=\"image_frame image_item no_link scale-with-grid alignnone no_border\" ><div class=\"image_wrapper\"><img class=\"scale-with-grid\" src=\"\" alt=\"\" title=\"\"  \/><\/div><\/div>\n\n<hr class=\"no_line\" \/>\n\n<p>La sociedad en general, promoviendo la prevenci\u00f3n, participaci\u00f3n, solidaridad e investigaci\u00f3n.<\/p>\n<p>center<br \/>\nno-repeat;left top;;<br \/>\nauto<br \/>\n0px<br \/>\n30px 5% 15px<br \/>\nborder-right: 1px solid #3b559a;<\/p>\n<div class=\"image_frame image_item no_link scale-with-grid alignnone no_border\" ><div class=\"image_wrapper\"><img class=\"scale-with-grid\" src=\"\" alt=\"\" title=\"\"  \/><\/div><\/div>\n\n<hr class=\"no_line\" \/>\n\n<p>Toda entidad, p\u00fablica o privada, y\/o grupo profesional que tenga responsabilidad o puedan contribuir a cumplir nuestros fines.<br \/>\ncenter<br \/>\nno-repeat;left top;;<br \/>\nauto<br \/>\n0px<br \/>\n30px 5% 15px<\/p>\n<h2>Junta directiva de AFAEX<\/h2>\n<p>center<br \/>\n#ffffff<br \/>\nno-repeat;left top;;<br \/>\ncover<br \/>\n0px<br \/>\n30px 30px 10px<\/p>\n<p><img src=\"https:\/\/www.afaex.org\/afaex\/media\/2019\/09\/foto-junta.jpg\" alt=\"foto-junta\" \/><br \/>\nM\u00aa. Carmen Exp\u00f3sito<br \/>\nPresidenta<br \/>\nvertical<\/p>\n<p><img src=\"https:\/\/www.afaex.org\/afaex\/media\/2019\/09\/foto-junta.jpg\" alt=\"foto-junta\" \/><br \/>\nManuel Garc\u00eda<br \/>\nVicepresidente<br \/>\nvertical<\/p>\n<p><img src=\"https:\/\/www.afaex.org\/afaex\/media\/2019\/09\/foto-junta.jpg\" alt=\"foto-junta\" \/><br \/>\nRam\u00f3n Garc\u00eda Hern\u00e1ndez<br \/>\nTesorero<br \/>\nvertical<\/p>\n<p><img src=\"https:\/\/www.afaex.org\/afaex\/media\/2019\/09\/foto-junta.jpg\" alt=\"foto-junta\" \/><br \/>\nConcepci\u00f3n Menaya<br \/>\nSecretaria<br \/>\nvertical<\/p>\n<p>30<br \/>\ndefault<\/p>\n<p><img src=\"https:\/\/www.afaex.org\/afaex\/media\/2019\/09\/foto-junta.jpg\" alt=\"foto-junta\" \/><br \/>\nM\u00aa \u00c1ngeles G\u00f3mez<br \/>\nVocal<br \/>\nvertical<\/p>\n<p>Heading + desc<\/p>\n<h2>Nuestra misi\u00f3n, visi\u00f3n y valores<\/h2>\n<p>center<br \/>\nno-repeat;left top;;<br \/>\ncover<br \/>\n0px<\/p>\n<p><img src=\"https:\/\/www.afaex.org\/afaex\/media\/2019\/07\/img-charla-1.png\" alt=\"img-charla\" \/><\/p>\n<p>Heading + desc<br \/>\nMejorar la calidad de vida de todos los afectados por esta enfermedad (persona con Alzheimer y su familia), favorecer el envejecimiento activo y la prevenci\u00f3n como estilo de vida.<\/p>\n<hr class=\"no_line\" \/>\n\n<p>Ser modelo de referencia en la atenci\u00f3n integral a la Persona con Alzheimer y sus familias en nuestra Comunidad Aut\u00f3noma a trav\u00e9s de proyectos y programas sociosanitarios, trabajando hacia la excelencia con profesionalidad, calidad humana y responsabilidad social.<\/p>\n<hr class=\"no_line\" \/>\n\n<p>Gesti\u00f3n transparente, eficiente, responsable y solidaria.<\/p>\n<hr class=\"no_line\" \/>\n\n<p><a class=\"button  button_size_2 button_js\" href=\"\"    ><span class=\"button_label\">Button<\/span><\/a>\n<br \/>\nleft<br \/>\nno-repeat;left top;;<br \/>\ncover<br \/>\n0px<\/p>\n<p>Desc<br \/>\n<hr class=\"no_line\" \/>\n<\/p>\n<h2>Transparencia<\/h2>\n<hr class=\"no_line\" \/>\n\n<p>AFAEX fundamenta sus actuaciones en una serie de principios fundamentales, uno de ellos es la transparencia en la gesti\u00f3n de sus servicios y actividades.<\/p>\n<hr class=\"no_line\" \/>\n\n<p>Para ello ponemos a su disposici\u00f3n las memorias econ\u00f3micas correspondiente a los \u00faltimos ejercicios aprobados en la Asamblea General. Anualmente, AFAEX somete sus cuentas a una empresa de Auditor\u00eda Externa que certifica su claridad y que emite su correspondiente informe incluido en la mamoria anual de cuentas. Tanto este documento como las memorias de actividades de a\u00f1os anteriores est\u00e1n disponibles en nuestra web.<\/p>\n<hr class=\"no_line\" \/>\n\n<h2>Buenas pr\u00e1cticas<\/h2>\n<hr class=\"no_line\" \/>\n\n<p>AFAEX se rige por el c\u00f3digo de Buenas Pr\u00e1cticas impulsado por CEAFA, publicado en su <a href=\"https:\/\/www.ceafa.es\/es\/quienes-somos\/transparencia\" target=\"_blank\" rel=\"noopener noreferrer\">p\u00e1gina web<\/a>.<\/p>\n<p>Formamos parte de la Fundaci\u00f3n GRUPO DEVELOP, una red que sirve de uni\u00f3n entre las organizaciones sociales, para generar nuevos aprendizajes, establecer l\u00edneas de cooperaci\u00f3n y no de competitividad, nos unimos a su <a href=\"https:\/\/www.afaex.org\/afaex\/media\/2019\/07\/F11.PE02.01-C\u00d3DIGO-\u00c9TICO.pdf\" target=\"_blank\" rel=\"noopener noreferrer\">C\u00f3digo \u00e9tico<\/a>.<\/p>\n<hr class=\"no_line\" \/>\n\n<h2>Memoria<\/h2>\n<p>left<br \/>\nno-repeat;left top;;<br \/>\nauto<br \/>\n0px<br \/>\n0 0 0 0<\/p>\n<p>Desc<br \/>\n<a href=\"https:\/\/www.afaex.org\/afaex\/media\/2019\/07\/MEMO-ANUAL-2017.pdf\" target=\"_blank\" rel=\"noopener noreferrer\">Memoria anual 2017<\/a><\/p>\n<p><a href=\"https:\/\/www.afaex.org\/afaex\/media\/2019\/07\/Memoria-Anual-2016.pdf\" target=\"_blank\" rel=\"noopener noreferrer\">Memoria anual 2016<\/a><br \/>\nleft<br \/>\nno-repeat;left top;;<br \/>\nauto<br \/>\n0px<br \/>\n0 0 0 0<\/p>\n<p>Desc<br \/>\n<a href=\"https:\/\/www.afaex.org\/afaex\/media\/2019\/07\/Memoria-Anual-2015.pdf\" target=\"_blank\" rel=\"noopener noreferrer\">Memoria anual 2015<\/a><\/p>\n<p><a href=\"https:\/\/www.afaex.org\/afaex\/media\/2019\/07\/Memoria-Anual-2014.pdf\" target=\"_blank\" rel=\"noopener noreferrer\">Memoria anual 2014<\/a><br \/>\nleft<br \/>\nno-repeat;left top;;<br \/>\nauto<br \/>\n0px<br \/>\n0 0 0 0<\/p>\n<p>Desc<br \/>\n<a href=\"https:\/\/www.afaex.org\/afaex\/media\/2019\/07\/Memoria-Anual-2013.pdf\" target=\"_blank\" rel=\"noopener noreferrer\">Memoria anual 2013<\/a><br \/>\nleft<br \/>\nno-repeat;left top;;<br \/>\nauto<br \/>\n0px<br \/>\n0 0 0 0<\/p>\n<p><img src=\"https:\/\/www.afaex.org\/afaex\/media\/2019\/07\/img-congreso.png\" alt=\"img-congreso\" \/><br \/>\ncenter<\/p>\n<p>Heading + desc<\/p>\n<h2><span class=\"highlight\" >Patrocinadores y colaboradores<\/span>\n<\/h2>\n<p>center<br \/>\nno-repeat;center top;;<br \/>\ncover<br \/>\n0px<\/p>\n<p>40<br \/>\ndefault<\/p>\n<p><img src=\"https:\/\/www.afaex.org\/afaex\/media\/2019\/09\/logo-ministerio02.jpg\" alt=\"logo-ministerio02\" \/><br \/>\ncenter<br \/>\n<a href=\"https:\/\/www.mscbs.gob.es\">https:\/\/www.mscbs.gob.es<\/a><br \/>\ndisable<\/p>\n<p><img src=\"https:\/\/www.afaex.org\/afaex\/media\/2019\/07\/logo-sepad.jpg\" alt=\"logo-sepad\" \/><br \/>\ncenter<br \/>\n<a href=\"https:\/\/saludextremadura.ses.es\/sepad\/inicio\">https:\/\/saludextremadura.ses.es\/sepad\/inicio<\/a><br \/>\ndisable<\/p>\n<p><img src=\"https:\/\/www.afaex.org\/afaex\/media\/2019\/07\/logo-diputacion.jpg\" alt=\"logo-diputacion\" \/><br \/>\ncenter<br \/>\n<a href=\"https:\/\/www.dip-badajoz.es\">https:\/\/www.dip-badajoz.es<\/a><br \/>\ndisable<\/p>\n<p><img src=\"https:\/\/www.afaex.org\/afaex\/media\/2019\/09\/logo-fundacion-ibercaja.jpg\" alt=\"logo-fundacion-ibercaja\" \/><br \/>\ncenter<br \/>\n<a href=\"https:\/\/www.fundacioncb.es\">https:\/\/www.fundacioncb.es<\/a><br \/>\ndisable<\/p>\n<p>50<br \/>\ndefault<\/p>\n<p><img src=\"https:\/\/www.afaex.org\/afaex\/media\/2019\/07\/logo-bankia.jpg\" alt=\"logo-bankia\" \/><br \/>\ncenter<br \/>\n<a href=\"https:\/\/enaccion.bankia.com\">https:\/\/enaccion.bankia.com<\/a><br \/>\ndisable<\/p>\n<p><img src=\"https:\/\/www.afaex.org\/afaex\/media\/2019\/09\/logo-reccreativos.jpg\" alt=\"logo-reccreativos\" \/><br \/>\ncenter<br \/>\n<a href=\"https:\/\/www.reccreativos.com\">https:\/\/www.reccreativos.com<\/a><br \/>\ndisable<\/p>\n<h2>Haz un donativo y ay\u00fadanos a hacer frente a la enfermedad del Alzheimer.<\/h2>\n<hr class=\"no_line\" \/>\n\n<a class=\"button  button_size_2 button_js\" href=\"\"    ><span class=\"button_label\">Button<\/span><\/a>\n\n<p>center<br \/>\nno-repeat;left top;;<br \/>\nauto<br \/>\n10px<br \/>\n0 10% 0<br \/>\ndark<\/p>\n","protected":false},"excerpt":{"rendered":"<p>Sobre AFAEX AFAEX(Asociaci\u00f3n Extreme\u00f1a de familiares de personas con Alzheimer y otras enfermedades<span class=\"excerpt-hellip\"> [\u2026]<\/span><\/p>\n","protected":false},"author":1,"featured_media":473,"parent":0,"menu_order":20,"comment_status":"closed","ping_status":"closed","template":"","meta":{"spay_email":""},"yoast_head":"<!-- This site is optimized with the Yoast SEO plugin v18.0 - https:\/\/yoast.com\/wordpress\/plugins\/seo\/ -->\n<title>Sobre AFAEX - AFAEX Asociaci\u00f3n Extreme\u00f1a de personas con Alzheimer<\/title>\n<meta name=\"description\" content=\"AFAEX y otras enfermedades afines es una entidad social SIN \u00c1NIMO DE LUCRO (ONG), que tiene como \u00e1mbito de actuaci\u00f3n la Comunidad Extreme\u00f1a\" \/>\n<meta name=\"robots\" content=\"index, follow, max-snippet:-1, max-image-preview:large, max-video-preview:-1\" \/>\n<link rel=\"canonical\" href=\"https:\/\/www.afaex.org\/afaex\/sobre-afaex\/\" \/>\n<meta property=\"og:locale\" content=\"es_ES\" \/>\n<meta property=\"og:type\" content=\"article\" \/>\n<meta property=\"og:title\" content=\"Sobre AFAEX - AFAEX Asociaci\u00f3n Extreme\u00f1a de personas con Alzheimer\" \/>\n<meta property=\"og:description\" content=\"AFAEX y otras enfermedades afines es una entidad social SIN \u00c1NIMO DE LUCRO (ONG), que tiene como \u00e1mbito de actuaci\u00f3n la Comunidad Extreme\u00f1a\" \/>\n<meta property=\"og:url\" content=\"https:\/\/www.afaex.org\/afaex\/sobre-afaex\/\" \/>\n<meta property=\"og:site_name\" content=\"AFAEX\" \/>\n<meta property=\"article:publisher\" content=\"https:\/\/www.facebook.com\/afaex.alzheimer\" \/>\n<meta property=\"article:modified_time\" content=\"2023-07-21T08:06:09+00:00\" \/>\n<meta property=\"og:image\" content=\"https:\/\/www.afaex.org\/afaex\/media\/2019\/09\/AFAEX.png\" \/>\n\t<meta property=\"og:image:width\" content=\"780\" \/>\n\t<meta property=\"og:image:height\" content=\"780\" \/>\n\t<meta property=\"og:image:type\" content=\"image\/png\" \/>\n<meta name=\"twitter:card\" content=\"summary_large_image\" \/>\n<meta name=\"twitter:site\" content=\"@afaex_alzheimer\" \/>\n<meta name=\"twitter:label1\" content=\"Tiempo de lectura\" \/>\n\t<meta name=\"twitter:data1\" content=\"7 minutos\" \/>\n<script type=\"application\/ld+json\" class=\"yoast-schema-graph\">{\"@context\":\"https:\/\/schema.org\",\"@graph\":[{\"@type\":\"Organization\",\"@id\":\"https:\/\/www.afaex.org\/afaex\/#organization\",\"name\":\"AFAEX\",\"url\":\"https:\/\/www.afaex.org\/afaex\/\",\"sameAs\":[\"https:\/\/www.facebook.com\/afaex.alzheimer\",\"https:\/\/twitter.com\/afaex_alzheimer\"],\"logo\":{\"@type\":\"ImageObject\",\"@id\":\"https:\/\/www.afaex.org\/afaex\/#logo\",\"inLanguage\":\"es\",\"url\":\"https:\/\/www.afaex.org\/afaex\/media\/2019\/09\/AFAEX.png\",\"contentUrl\":\"https:\/\/www.afaex.org\/afaex\/media\/2019\/09\/AFAEX.png\",\"width\":780,\"height\":780,\"caption\":\"AFAEX\"},\"image\":{\"@id\":\"https:\/\/www.afaex.org\/afaex\/#logo\"}},{\"@type\":\"WebSite\",\"@id\":\"https:\/\/www.afaex.org\/afaex\/#website\",\"url\":\"https:\/\/www.afaex.org\/afaex\/\",\"name\":\"AFAEX\",\"description\":\"Asociaci\u00f3n Extreme\u00f1a de Familiares de enfermos de Alzheimer\",\"publisher\":{\"@id\":\"https:\/\/www.afaex.org\/afaex\/#organization\"},\"potentialAction\":[{\"@type\":\"SearchAction\",\"target\":{\"@type\":\"EntryPoint\",\"urlTemplate\":\"https:\/\/www.afaex.org\/afaex\/?s={search_term_string}\"},\"query-input\":\"required name=search_term_string\"}],\"inLanguage\":\"es\"},{\"@type\":\"ImageObject\",\"@id\":\"https:\/\/www.afaex.org\/afaex\/sobre-afaex\/#primaryimage\",\"inLanguage\":\"es\",\"url\":\"https:\/\/www.afaex.org\/afaex\/media\/2019\/09\/AFAEX.png\",\"contentUrl\":\"https:\/\/www.afaex.org\/afaex\/media\/2019\/09\/AFAEX.png\",\"width\":780,\"height\":780},{\"@type\":\"WebPage\",\"@id\":\"https:\/\/www.afaex.org\/afaex\/sobre-afaex\/#webpage\",\"url\":\"https:\/\/www.afaex.org\/afaex\/sobre-afaex\/\",\"name\":\"Sobre AFAEX - AFAEX Asociaci\u00f3n Extreme\u00f1a de personas con Alzheimer\",\"isPartOf\":{\"@id\":\"https:\/\/www.afaex.org\/afaex\/#website\"},\"primaryImageOfPage\":{\"@id\":\"https:\/\/www.afaex.org\/afaex\/sobre-afaex\/#primaryimage\"},\"datePublished\":\"2019-07-01T15:10:02+00:00\",\"dateModified\":\"2023-07-21T08:06:09+00:00\",\"description\":\"AFAEX y otras enfermedades afines es una entidad social SIN \u00c1NIMO DE LUCRO (ONG), que tiene como \u00e1mbito de actuaci\u00f3n la Comunidad Extreme\u00f1a\",\"breadcrumb\":{\"@id\":\"https:\/\/www.afaex.org\/afaex\/sobre-afaex\/#breadcrumb\"},\"inLanguage\":\"es\",\"potentialAction\":[{\"@type\":\"ReadAction\",\"target\":[\"https:\/\/www.afaex.org\/afaex\/sobre-afaex\/\"]}]},{\"@type\":\"BreadcrumbList\",\"@id\":\"https:\/\/www.afaex.org\/afaex\/sobre-afaex\/#breadcrumb\",\"itemListElement\":[{\"@type\":\"ListItem\",\"position\":1,\"name\":\"Portada\",\"item\":\"https:\/\/www.afaex.org\/afaex\/\"},{\"@type\":\"ListItem\",\"position\":2,\"name\":\"Sobre AFAEX\"}]}]}<\/script>\n<!-- \/ Yoast SEO plugin. -->","yoast_head_json":{"title":"Sobre AFAEX - AFAEX Asociaci\u00f3n Extreme\u00f1a de personas con Alzheimer","description":"AFAEX y otras enfermedades afines es una entidad social SIN \u00c1NIMO DE LUCRO (ONG), que tiene como \u00e1mbito de actuaci\u00f3n la Comunidad Extreme\u00f1a","robots":{"index":"index","follow":"follow","max-snippet":"max-snippet:-1","max-image-preview":"max-image-preview:large","max-video-preview":"max-video-preview:-1"},"canonical":"https:\/\/www.afaex.org\/afaex\/sobre-afaex\/","og_locale":"es_ES","og_type":"article","og_title":"Sobre AFAEX - AFAEX Asociaci\u00f3n Extreme\u00f1a de personas con Alzheimer","og_description":"AFAEX y otras enfermedades afines es una entidad social SIN \u00c1NIMO DE LUCRO (ONG), que tiene como \u00e1mbito de actuaci\u00f3n la Comunidad Extreme\u00f1a","og_url":"https:\/\/www.afaex.org\/afaex\/sobre-afaex\/","og_site_name":"AFAEX","article_publisher":"https:\/\/www.facebook.com\/afaex.alzheimer","article_modified_time":"2023-07-21T08:06:09+00:00","og_image":[{"width":780,"height":780,"url":"https:\/\/www.afaex.org\/afaex\/media\/2019\/09\/AFAEX.png","type":"image\/png"}],"twitter_card":"summary_large_image","twitter_site":"@afaex_alzheimer","twitter_misc":{"Tiempo de lectura":"7 minutos"},"schema":{"@context":"https:\/\/schema.org","@graph":[{"@type":"Organization","@id":"https:\/\/www.afaex.org\/afaex\/#organization","name":"AFAEX","url":"https:\/\/www.afaex.org\/afaex\/","sameAs":["https:\/\/www.facebook.com\/afaex.alzheimer","https:\/\/twitter.com\/afaex_alzheimer"],"logo":{"@type":"ImageObject","@id":"https:\/\/www.afaex.org\/afaex\/#logo","inLanguage":"es","url":"https:\/\/www.afaex.org\/afaex\/media\/2019\/09\/AFAEX.png","contentUrl":"https:\/\/www.afaex.org\/afaex\/media\/2019\/09\/AFAEX.png","width":780,"height":780,"caption":"AFAEX"},"image":{"@id":"https:\/\/www.afaex.org\/afaex\/#logo"}},{"@type":"WebSite","@id":"https:\/\/www.afaex.org\/afaex\/#website","url":"https:\/\/www.afaex.org\/afaex\/","name":"AFAEX","description":"Asociaci\u00f3n Extreme\u00f1a de Familiares de enfermos de Alzheimer","publisher":{"@id":"https:\/\/www.afaex.org\/afaex\/#organization"},"potentialAction":[{"@type":"SearchAction","target":{"@type":"EntryPoint","urlTemplate":"https:\/\/www.afaex.org\/afaex\/?s={search_term_string}"},"query-input":"required name=search_term_string"}],"inLanguage":"es"},{"@type":"ImageObject","@id":"https:\/\/www.afaex.org\/afaex\/sobre-afaex\/#primaryimage","inLanguage":"es","url":"https:\/\/www.afaex.org\/afaex\/media\/2019\/09\/AFAEX.png","contentUrl":"https:\/\/www.afaex.org\/afaex\/media\/2019\/09\/AFAEX.png","width":780,"height":780},{"@type":"WebPage","@id":"https:\/\/www.afaex.org\/afaex\/sobre-afaex\/#webpage","url":"https:\/\/www.afaex.org\/afaex\/sobre-afaex\/","name":"Sobre AFAEX - AFAEX Asociaci\u00f3n Extreme\u00f1a de personas con Alzheimer","isPartOf":{"@id":"https:\/\/www.afaex.org\/afaex\/#website"},"primaryImageOfPage":{"@id":"https:\/\/www.afaex.org\/afaex\/sobre-afaex\/#primaryimage"},"datePublished":"2019-07-01T15:10:02+00:00","dateModified":"2023-07-21T08:06:09+00:00","description":"AFAEX y otras enfermedades afines es una entidad social SIN \u00c1NIMO DE LUCRO (ONG), que tiene como \u00e1mbito de actuaci\u00f3n la Comunidad Extreme\u00f1a","breadcrumb":{"@id":"https:\/\/www.afaex.org\/afaex\/sobre-afaex\/#breadcrumb"},"inLanguage":"es","potentialAction":[{"@type":"ReadAction","target":["https:\/\/www.afaex.org\/afaex\/sobre-afaex\/"]}]},{"@type":"BreadcrumbList","@id":"https:\/\/www.afaex.org\/afaex\/sobre-afaex\/#breadcrumb","itemListElement":[{"@type":"ListItem","position":1,"name":"Portada","item":"https:\/\/www.afaex.org\/afaex\/"},{"@type":"ListItem","position":2,"name":"Sobre AFAEX"}]}]}},"jetpack_sharing_enabled":true,"_links":{"self":[{"href":"https:\/\/www.afaex.org\/afaex\/wp-json\/wp\/v2\/pages\/19"}],"collection":[{"href":"https:\/\/www.afaex.org\/afaex\/wp-json\/wp\/v2\/pages"}],"about":[{"href":"https:\/\/www.afaex.org\/afaex\/wp-json\/wp\/v2\/types\/page"}],"author":[{"embeddable":true,"href":"https:\/\/www.afaex.org\/afaex\/wp-json\/wp\/v2\/users\/1"}],"replies":[{"embeddable":true,"href":"https:\/\/www.afaex.org\/afaex\/wp-json\/wp\/v2\/comments?post=19"}],"version-history":[{"count":6,"href":"https:\/\/www.afaex.org\/afaex\/wp-json\/wp\/v2\/pages\/19\/revisions"}],"predecessor-version":[{"id":1118,"href":"https:\/\/www.afaex.org\/afaex\/wp-json\/wp\/v2\/pages\/19\/revisions\/1118"}],"wp:featuredmedia":[{"embeddable":true,"href":"https:\/\/www.afaex.org\/afaex\/wp-json\/wp\/v2\/media\/473"}],"wp:attachment":[{"href":"https:\/\/www.afaex.org\/afaex\/wp-json\/wp\/v2\/media?parent=19"}],"curies":[{"name":"wp","href":"https:\/\/api.w.org\/{rel}","templated":true}]}}