{"id":263,"date":"2019-07-12T13:24:51","date_gmt":"2019-07-12T11:24:51","guid":{"rendered":"https:\/\/www.afaex.org\/afaex\/?page_id=263"},"modified":"2019-09-18T22:40:44","modified_gmt":"2019-09-18T20:40:44","slug":"aviso-legal-y-privacidad","status":"publish","type":"page","link":"https:\/\/www.afaex.org\/afaex\/aviso-legal-y-privacidad\/","title":{"rendered":"Aviso Legal y privacidad"},"content":{"rendered":"<h4 style=\"text-align: center;\"><strong>AVISO LEGAL<\/strong><\/h4>\n<h5>TITULAR DE LA WEB<\/h5>\n<p>Denominaci\u00f3n Social (El prestador): ASOCIACION EXTREME\u00d1A DE FAMILIARES DE PERSONAS CON ALZHEIMER Y OTRAS ENFERMEDADES AFINES NTRA SRA DE GUADALUPE.<\/p>\n<ul style=\"list-style-type: none;\">\n<li><strong>Nombre Comercial:<\/strong> AFAEX<\/li>\n<li><strong>Domicilio Social:<\/strong> AVDA. MAR\u00cdA AUXILIADORA 2, 06011 DE BADAJOZ<\/li>\n<li><strong>CIF \/ NIF:<\/strong> G06245740<\/li>\n<li><strong>Tel\u00e9fono:<\/strong> <a href=\"tel:+34924229178\">924 229 178<\/a><\/li>\n<li><strong>e-Mail:<\/strong> info@afaex.org<\/li>\n<li><strong>Inscrita<\/strong>: Registro de asociaciones.<\/li>\n<li><strong>Nombre de dominio:<\/strong> <a href=\"https:\/\/www.afaex.org\/afaex\/\" target=\"_blank\" rel=\"noopener noreferrer\">www.afaex.org<\/a><\/li>\n<\/ul>\n<h4 style=\"text-align: center;\"><strong>OBJETO<\/strong><\/h4>\n<p>El titular, responsable del sitio web, pone a disposici\u00f3n de los usuarios el presente documento con el que pretende dar cumplimiento a las obligaciones dispuestas en la Ley 34\/2002, de Servicios de la Sociedad de la Informaci\u00f3n y del Comercio Electr\u00f3nico (LSSI-CE), as\u00ed como informar a todos los usuarios del sitio web respecto a cu\u00e1les son las condiciones de uso del sitio web.<\/p>\n<p>Toda persona que acceda a este sitio web asume el papel de usuario, comprometi\u00e9ndose a la observancia y cumplimiento riguroso de las disposiciones aqu\u00ed dispuestas, as\u00ed como a cualesquiera otra disposici\u00f3n legal que fuera de aplicaci\u00f3n.<\/p>\n<p>El prestador se reserva el derecho a modificar cualquier tipo de informaci\u00f3n que pudiera aparecer en el sitio web, sin que exista obligaci\u00f3n de preavisar o poner en conocimiento de los usuarios dichas obligaciones, entendi\u00e9ndose como suficiente con la publicaci\u00f3n en el sitio web del prestador.<\/p>\n<h4 style=\"text-align: center;\"><strong>COMUNICACI\u00d3N<\/strong><\/h4>\n<p>Para ponerse en contacto con nosotros, ponemos a su disposici\u00f3n los diferentes medios de contacto detallados al principio de este aviso legal.<\/p>\n<p>Todas las notificaciones y comunicaciones entre el usuario y el prestador se considerar\u00e1n eficaces a todos los efectos cuando se realizasen a trav\u00e9s de cualquiera de los medios detallados.<\/p>\n<h4 style=\"text-align: center;\"><strong>CONDICIONES DE ACCESO Y UTILIZACI\u00d3N DE LA WEB<\/strong><\/h4>\n<p>Este sitio web y sus servicios son de acceso libre y gratuito, no obstante el prestador puede condicionar la utilizaci\u00f3n de algunos servicios ofrecidos a la previa cumplimentaci\u00f3n del correspondiente formulario de registro.<\/p>\n<p>El usuario garantiza la autenticidad y actualidad de todos aquellos datos aportados.<\/p>\n<p>El usuario se compromete expresamente a hacer un uso adecuado de los contenidos que el prestador pone a su disposici\u00f3n entre otros, con lo cual, queda prohibido:<\/p>\n<ul>\n<li>Vulnerar los derechos de propiedad intelectual o industrial.<\/li>\n<li>Suplantar la identidad de cualquier otro usuario.<\/li>\n<li>Reproducir, copiar, distribuir, poner a disposici\u00f3n o de cualquier otra forma comunicar p\u00fablicamente, transformar o modificar los contenidos, a menos que se cuente con la autorizaci\u00f3n del titular o ello resulte legalmente permitido.<\/li>\n<li>Recabar datos con finalidades publicitarias y de remitir publicidad de cualquier tipo y comunicaciones con fines de venta u otra naturaleza comercial.<\/li>\n<\/ul>\n<p>Todos los contenidos del sitio web, como textos, fotograf\u00edas, gr\u00e1ficos, im\u00e1genes, iconos, tecnolog\u00eda, software, as\u00ed como su dise\u00f1o gr\u00e1fico y c\u00f3digos fuente, constituyen una obra cuya propiedad pertenece al prestador, sin que puedan entenderse cedidos al usuario ninguno de los derechos de explotaci\u00f3n sobre los mismos m\u00e1s all\u00e1 de lo estrictamente necesario para el correcto uso de la web.<\/p>\n<p>En definitiva, los usuarios que accedan a este sitio web pueden visualizar los contenidos y efectuar, en su caso, copias privadas autorizadas siempre que los elementos reproducidos no sean cedidos posteriormente a terceros, ni se instalen a servidores conectados a redes, ni sean objeto de ning\u00fan tipo de explotaci\u00f3n.<\/p>\n<p>Asimismo, todas las marcas, nombres comerciales o signos distintivos de cualquier clase que aparecen en el sitio web son propiedad del prestador o de terceros, sin que pueda entenderse que el uso o acceso al mismo atribuya al usuario derecho alguno sobre los mismos.<\/p>\n<p>El establecimiento de hiperenlaces, no implica en ning\u00fan caso la existencia de relaci\u00f3n entre el prestador y el propietario del sitio web en la que se establezca, ni aceptaci\u00f3n o aprobaci\u00f3n de sus contenidos o servicios.<\/p>\n<h4 style=\"text-align: center;\"><strong>RESPONSABILIDAD<\/strong><\/h4>\n<p>El prestador se exime de cualquier tipo de responsabilidad derivada de la informaci\u00f3n publicada en su sitio web, siempre que esta informaci\u00f3n haya sido manipulada o introducida por un tercero ajeno al mismo.<\/p>\n<p>En el caso de que cualquier usuario o un tercero considere que existen hechos o circunstancias que revelen el car\u00e1cter il\u00edcito de la utilizaci\u00f3n de cualquier contenido y\/o de la realizaci\u00f3n de cualquier actividad en las p\u00e1ginas web incluidas o accesibles a trav\u00e9s del sitio web, deber\u00e1 enviar una notificaci\u00f3n al prestador identific\u00e1ndose debidamente y especificando las supuestas infracciones.<\/p>\n<h4 style=\"text-align: center;\"><strong>POLITICAS DE ENLACES<\/strong><\/h4>\n<p>Desde el sitio web, es posible que se redirija a contenidos de terceros sitios web. Dado que el prestador no puede controlar siempre los contenidos introducidos por los terceros en sus sitios web, no implica en ning\u00fan caso la existencia de relaci\u00f3n entre el prestador y el propietario del sitio web en la que se establezca, ni aceptaci\u00f3n o aprobaci\u00f3n de sus contenidos o servicios. Desde esta web, no asume ning\u00fan tipo de responsabilidad respecto a dichos contenidos. En todo caso, el prestador manifiesta que proceder\u00e1 a la retirada inmediata de cualquier contenido que pudiera contravenir la legislaci\u00f3n nacional o internacional, la moral o el orden p\u00fablico, procediendo a la retirada inmediata de la redirecci\u00f3n a dicho sitio web, poniendo en conocimiento de las autoridades competentes el contenido en cuesti\u00f3n.<\/p>\n<h4 style=\"text-align: center;\"><strong>PROTECCI\u00d3N DE DATOS PERSONALES \u2013 PRIVACIDAD<\/strong><\/h4>\n<p>El prestador se encuentra profundamente comprometido con el cumplimiento de la normativa espa\u00f1ola de protecci\u00f3n de datos de car\u00e1cter personal, y garantiza el cumplimiento \u00edntegro de las obligaciones dispuestas, as\u00ed como la implementaci\u00f3n de las medidas de seguridad dispuestas en el art. 9 de la Ley 15\/1999, de Protecci\u00f3n de Datos de Car\u00e1cter Personal (LOPD) y en el Reglamento de Desarrollo.<\/p>\n<p>El prestador pone a disposici\u00f3n de los usuarios la Pol\u00edtica de Privacidad de la entidad informando a los usuarios respecto a los siguientes aspectos:<\/p>\n<ol>\n<li> Datos del Responsable del tratamiento.<\/li>\n<li> Datos tratados.<\/li>\n<li> Fichero en el que se almacenan.<\/li>\n<li> Finalidad del tratamiento.<\/li>\n<li> Sobre los derechos que asisten a todo usuario y el procedimiento para ejercitarlos.<\/li>\n<\/ol>\n<p>Cuando precisemos obtener informaci\u00f3n personal por su parte, siempre se solicita que nos la proporcione de manera voluntariamente y de forma expresa.<\/p>\n<p>En cumplimiento la normativa en Protecci\u00f3n de Datos de Car\u00e1cter Personal, autoriza a que los datos personales facilitados, sean incorporados y tratados en ficheros bajo nuestra responsabilidad, para realizar las siguientes finalidades:<\/p>\n<ol>\n<li> Gestionar nuestra relaci\u00f3n y ofrecerle un servicio personalizado.<\/li>\n<li> La tramitaci\u00f3n de consultas, compras, encargos, solicitudes o cualquier tipo de petici\u00f3n que sea realizada por el usuario a trav\u00e9s de cualquiera de las formas de contacto que se ponen a disposici\u00f3n del usuario en el sitio web de la compa\u00f1\u00eda.<\/li>\n<li> Remisi\u00f3n de comunicaciones comerciales publicitarias sobre nuestros productos por e-mail, fax, SMS, MMS, comunidades sociales o cualesquier otro medio electr\u00f3nico o f\u00edsico, presente o futuro, que posibilite realizar comunicaci\u00f3n comerciales.<\/li>\n<li>Tratamiento de su CV para selecci\u00f3n de personal. (SI PROCEDE)<\/li>\n<\/ol>\n<p>Todos los datos solicitados son obligatorios, de no facilitarlos, ser\u00eda imposible llevar a cabo la finalidad para la que se solicitan en cada caso.<\/p>\n<p>Le informamos que podr\u00e1 hacer efectivo el ejercicio de los derechos de acceso, rectificaci\u00f3n, cancelaci\u00f3n y oposici\u00f3n al tratamiento de la informaci\u00f3n que le concierne mediante comunicaci\u00f3n por escrito acreditando debidamente su identidad ante el titular y responsable de los ficheros de datos de car\u00e1cter personal, en la direcci\u00f3n y correo electr\u00f3nico indicada al inicio.<\/p>\n","protected":false},"excerpt":{"rendered":"<p>AVISO LEGAL TITULAR DE LA WEB Denominaci\u00f3n Social (El prestador): ASOCIACION EXTREME\u00d1A DE<span class=\"excerpt-hellip\"> [\u2026]<\/span><\/p>\n","protected":false},"author":1,"featured_media":473,"parent":0,"menu_order":200,"comment_status":"closed","ping_status":"closed","template":"","meta":{"spay_email":""},"yoast_head":"<!-- This site is optimized with the Yoast SEO plugin v18.0 - https:\/\/yoast.com\/wordpress\/plugins\/seo\/ -->\n<title>Aviso Legal y privacidad - AFAEX<\/title>\n<meta name=\"robots\" content=\"index, follow, max-snippet:-1, max-image-preview:large, max-video-preview:-1\" \/>\n<link rel=\"canonical\" href=\"https:\/\/www.afaex.org\/afaex\/aviso-legal-y-privacidad\/\" \/>\n<meta property=\"og:locale\" content=\"es_ES\" \/>\n<meta property=\"og:type\" content=\"article\" \/>\n<meta property=\"og:title\" content=\"Aviso Legal y privacidad - AFAEX\" \/>\n<meta property=\"og:description\" content=\"AVISO LEGAL TITULAR DE LA WEB Denominaci\u00f3n Social (El prestador): ASOCIACION EXTREME\u00d1A DE [\u2026]\" \/>\n<meta property=\"og:url\" content=\"https:\/\/www.afaex.org\/afaex\/aviso-legal-y-privacidad\/\" \/>\n<meta property=\"og:site_name\" content=\"AFAEX\" \/>\n<meta property=\"article:publisher\" content=\"https:\/\/www.facebook.com\/afaex.alzheimer\" \/>\n<meta property=\"article:modified_time\" content=\"2019-09-18T20:40:44+00:00\" \/>\n<meta property=\"og:image\" content=\"https:\/\/www.afaex.org\/afaex\/media\/2019\/09\/AFAEX.png\" \/>\n\t<meta property=\"og:image:width\" content=\"780\" \/>\n\t<meta property=\"og:image:height\" content=\"780\" \/>\n\t<meta property=\"og:image:type\" content=\"image\/png\" \/>\n<meta name=\"twitter:card\" content=\"summary_large_image\" \/>\n<meta name=\"twitter:site\" content=\"@afaex_alzheimer\" \/>\n<meta name=\"twitter:label1\" content=\"Tiempo de lectura\" \/>\n\t<meta name=\"twitter:data1\" content=\"6 minutos\" \/>\n<script type=\"application\/ld+json\" class=\"yoast-schema-graph\">{\"@context\":\"https:\/\/schema.org\",\"@graph\":[{\"@type\":\"Organization\",\"@id\":\"https:\/\/www.afaex.org\/afaex\/#organization\",\"name\":\"AFAEX\",\"url\":\"https:\/\/www.afaex.org\/afaex\/\",\"sameAs\":[\"https:\/\/www.facebook.com\/afaex.alzheimer\",\"https:\/\/twitter.com\/afaex_alzheimer\"],\"logo\":{\"@type\":\"ImageObject\",\"@id\":\"https:\/\/www.afaex.org\/afaex\/#logo\",\"inLanguage\":\"es\",\"url\":\"https:\/\/www.afaex.org\/afaex\/media\/2019\/09\/AFAEX.png\",\"contentUrl\":\"https:\/\/www.afaex.org\/afaex\/media\/2019\/09\/AFAEX.png\",\"width\":780,\"height\":780,\"caption\":\"AFAEX\"},\"image\":{\"@id\":\"https:\/\/www.afaex.org\/afaex\/#logo\"}},{\"@type\":\"WebSite\",\"@id\":\"https:\/\/www.afaex.org\/afaex\/#website\",\"url\":\"https:\/\/www.afaex.org\/afaex\/\",\"name\":\"AFAEX\",\"description\":\"Asociaci\u00f3n Extreme\u00f1a de Familiares de enfermos de Alzheimer\",\"publisher\":{\"@id\":\"https:\/\/www.afaex.org\/afaex\/#organization\"},\"potentialAction\":[{\"@type\":\"SearchAction\",\"target\":{\"@type\":\"EntryPoint\",\"urlTemplate\":\"https:\/\/www.afaex.org\/afaex\/?s={search_term_string}\"},\"query-input\":\"required name=search_term_string\"}],\"inLanguage\":\"es\"},{\"@type\":\"ImageObject\",\"@id\":\"https:\/\/www.afaex.org\/afaex\/aviso-legal-y-privacidad\/#primaryimage\",\"inLanguage\":\"es\",\"url\":\"https:\/\/www.afaex.org\/afaex\/media\/2019\/09\/AFAEX.png\",\"contentUrl\":\"https:\/\/www.afaex.org\/afaex\/media\/2019\/09\/AFAEX.png\",\"width\":780,\"height\":780},{\"@type\":\"WebPage\",\"@id\":\"https:\/\/www.afaex.org\/afaex\/aviso-legal-y-privacidad\/#webpage\",\"url\":\"https:\/\/www.afaex.org\/afaex\/aviso-legal-y-privacidad\/\",\"name\":\"Aviso Legal y privacidad - AFAEX\",\"isPartOf\":{\"@id\":\"https:\/\/www.afaex.org\/afaex\/#website\"},\"primaryImageOfPage\":{\"@id\":\"https:\/\/www.afaex.org\/afaex\/aviso-legal-y-privacidad\/#primaryimage\"},\"datePublished\":\"2019-07-12T11:24:51+00:00\",\"dateModified\":\"2019-09-18T20:40:44+00:00\",\"breadcrumb\":{\"@id\":\"https:\/\/www.afaex.org\/afaex\/aviso-legal-y-privacidad\/#breadcrumb\"},\"inLanguage\":\"es\",\"potentialAction\":[{\"@type\":\"ReadAction\",\"target\":[\"https:\/\/www.afaex.org\/afaex\/aviso-legal-y-privacidad\/\"]}]},{\"@type\":\"BreadcrumbList\",\"@id\":\"https:\/\/www.afaex.org\/afaex\/aviso-legal-y-privacidad\/#breadcrumb\",\"itemListElement\":[{\"@type\":\"ListItem\",\"position\":1,\"name\":\"Portada\",\"item\":\"https:\/\/www.afaex.org\/afaex\/\"},{\"@type\":\"ListItem\",\"position\":2,\"name\":\"Aviso Legal y privacidad\"}]}]}<\/script>\n<!-- \/ Yoast SEO plugin. -->","yoast_head_json":{"title":"Aviso Legal y privacidad - AFAEX","robots":{"index":"index","follow":"follow","max-snippet":"max-snippet:-1","max-image-preview":"max-image-preview:large","max-video-preview":"max-video-preview:-1"},"canonical":"https:\/\/www.afaex.org\/afaex\/aviso-legal-y-privacidad\/","og_locale":"es_ES","og_type":"article","og_title":"Aviso Legal y privacidad - AFAEX","og_description":"AVISO LEGAL TITULAR DE LA WEB Denominaci\u00f3n Social (El prestador): ASOCIACION EXTREME\u00d1A DE [\u2026]","og_url":"https:\/\/www.afaex.org\/afaex\/aviso-legal-y-privacidad\/","og_site_name":"AFAEX","article_publisher":"https:\/\/www.facebook.com\/afaex.alzheimer","article_modified_time":"2019-09-18T20:40:44+00:00","og_image":[{"width":780,"height":780,"url":"https:\/\/www.afaex.org\/afaex\/media\/2019\/09\/AFAEX.png","type":"image\/png"}],"twitter_card":"summary_large_image","twitter_site":"@afaex_alzheimer","twitter_misc":{"Tiempo de lectura":"6 minutos"},"schema":{"@context":"https:\/\/schema.org","@graph":[{"@type":"Organization","@id":"https:\/\/www.afaex.org\/afaex\/#organization","name":"AFAEX","url":"https:\/\/www.afaex.org\/afaex\/","sameAs":["https:\/\/www.facebook.com\/afaex.alzheimer","https:\/\/twitter.com\/afaex_alzheimer"],"logo":{"@type":"ImageObject","@id":"https:\/\/www.afaex.org\/afaex\/#logo","inLanguage":"es","url":"https:\/\/www.afaex.org\/afaex\/media\/2019\/09\/AFAEX.png","contentUrl":"https:\/\/www.afaex.org\/afaex\/media\/2019\/09\/AFAEX.png","width":780,"height":780,"caption":"AFAEX"},"image":{"@id":"https:\/\/www.afaex.org\/afaex\/#logo"}},{"@type":"WebSite","@id":"https:\/\/www.afaex.org\/afaex\/#website","url":"https:\/\/www.afaex.org\/afaex\/","name":"AFAEX","description":"Asociaci\u00f3n Extreme\u00f1a de Familiares de enfermos de Alzheimer","publisher":{"@id":"https:\/\/www.afaex.org\/afaex\/#organization"},"potentialAction":[{"@type":"SearchAction","target":{"@type":"EntryPoint","urlTemplate":"https:\/\/www.afaex.org\/afaex\/?s={search_term_string}"},"query-input":"required name=search_term_string"}],"inLanguage":"es"},{"@type":"ImageObject","@id":"https:\/\/www.afaex.org\/afaex\/aviso-legal-y-privacidad\/#primaryimage","inLanguage":"es","url":"https:\/\/www.afaex.org\/afaex\/media\/2019\/09\/AFAEX.png","contentUrl":"https:\/\/www.afaex.org\/afaex\/media\/2019\/09\/AFAEX.png","width":780,"height":780},{"@type":"WebPage","@id":"https:\/\/www.afaex.org\/afaex\/aviso-legal-y-privacidad\/#webpage","url":"https:\/\/www.afaex.org\/afaex\/aviso-legal-y-privacidad\/","name":"Aviso Legal y privacidad - AFAEX","isPartOf":{"@id":"https:\/\/www.afaex.org\/afaex\/#website"},"primaryImageOfPage":{"@id":"https:\/\/www.afaex.org\/afaex\/aviso-legal-y-privacidad\/#primaryimage"},"datePublished":"2019-07-12T11:24:51+00:00","dateModified":"2019-09-18T20:40:44+00:00","breadcrumb":{"@id":"https:\/\/www.afaex.org\/afaex\/aviso-legal-y-privacidad\/#breadcrumb"},"inLanguage":"es","potentialAction":[{"@type":"ReadAction","target":["https:\/\/www.afaex.org\/afaex\/aviso-legal-y-privacidad\/"]}]},{"@type":"BreadcrumbList","@id":"https:\/\/www.afaex.org\/afaex\/aviso-legal-y-privacidad\/#breadcrumb","itemListElement":[{"@type":"ListItem","position":1,"name":"Portada","item":"https:\/\/www.afaex.org\/afaex\/"},{"@type":"ListItem","position":2,"name":"Aviso Legal y privacidad"}]}]}},"jetpack_sharing_enabled":true,"_links":{"self":[{"href":"https:\/\/www.afaex.org\/afaex\/wp-json\/wp\/v2\/pages\/263"}],"collection":[{"href":"https:\/\/www.afaex.org\/afaex\/wp-json\/wp\/v2\/pages"}],"about":[{"href":"https:\/\/www.afaex.org\/afaex\/wp-json\/wp\/v2\/types\/page"}],"author":[{"embeddable":true,"href":"https:\/\/www.afaex.org\/afaex\/wp-json\/wp\/v2\/users\/1"}],"replies":[{"embeddable":true,"href":"https:\/\/www.afaex.org\/afaex\/wp-json\/wp\/v2\/comments?post=263"}],"version-history":[{"count":21,"href":"https:\/\/www.afaex.org\/afaex\/wp-json\/wp\/v2\/pages\/263\/revisions"}],"predecessor-version":[{"id":285,"href":"https:\/\/www.afaex.org\/afaex\/wp-json\/wp\/v2\/pages\/263\/revisions\/285"}],"wp:featuredmedia":[{"embeddable":true,"href":"https:\/\/www.afaex.org\/afaex\/wp-json\/wp\/v2\/media\/473"}],"wp:attachment":[{"href":"https:\/\/www.afaex.org\/afaex\/wp-json\/wp\/v2\/media?parent=263"}],"curies":[{"name":"wp","href":"https:\/\/api.w.org\/{rel}","templated":true}]}}