{"id":35,"date":"2019-07-01T17:27:34","date_gmt":"2019-07-01T15:27:34","guid":{"rendered":"https:\/\/www.afaex.org\/afaex\/?page_id=35"},"modified":"2022-08-17T19:51:51","modified_gmt":"2022-08-17T17:51:51","slug":"servicios","status":"publish","type":"page","link":"https:\/\/www.afaex.org\/afaex\/servicios\/","title":{"rendered":"Servicios"},"content":{"rendered":"<h1>Servicios<\/h1>\n<hr class=\"no_line\" \/>\n\n<p>AFAEX es una entidad social SIN \u00c1NIMO DE LUCRO (ONG), que tiene como \u00e1mbito de actuaci\u00f3n la Comunidad Extreme\u00f1a  y su objetivo general es coordinar esfuerzos para ayudar a hacer frente a las situaciones que se derivan de la Enfermedad de Alzheimer,  en colaboraci\u00f3n con entidades p\u00fablicas y privadas: gobiernos locales, regionales y estatales, instituciones, empresas, y profesionales del \u00e1mbito social y sanitario.<\/p>\n<hr class=\"no_line\" \/>\n\n<p><a class=\"button  button_size_2 button_js\" href=\"\"    ><span class=\"button_label\">Button<\/span><\/a>\n<br \/>\nleft<br \/>\nno-repeat;left top;;<br \/>\nauto<br \/>\n0px<\/p>\n<p><img src=\"https:\/\/www.afaex.org\/afaex\/media\/2019\/07\/img-servicios-01.png\" alt=\"img-servicios-01\"><br \/>\ncenter<\/p>\n<p>Heading + desc<\/p>\n<h2>Nuestros servicios<\/h2>\n<p>center<br \/>\nno-repeat;left top;;<br \/>\ncover<br \/>\n10px<\/p>\n<p>Box<br \/>\n<div class=\"image_frame image_item no_link scale-with-grid alignnone no_border\" ><div class=\"image_wrapper\"><img class=\"scale-with-grid\" src=\"\" alt=\"\" title=\"\"  \/><\/div><\/div>\n<\/p>\n<hr class=\"no_line\" \/>\n\n<h4>Persona con Deterioro Cognitivo<\/h4>\n<hr class=\"no_line\" \/>\n\n<p><a class=\"button  button_size_2 button_js\" href=\"\"    ><span class=\"button_label\">Button<\/span><\/a>\n<br \/>\ncenter<br \/>\n#ffffff<br \/>\nno-repeat;left top;;<br \/>\nauto<br \/>\n0px<br \/>\n40px 40px 25px<br \/>\nbox-shadow: 0 0px 40px rgba(239,246,250,.9); border-radius: 15px;border: 1px solid #3b559a;;<\/p>\n<p>Box<br \/>\n<div class=\"image_frame image_item no_link scale-with-grid alignnone no_border\" ><div class=\"image_wrapper\"><img class=\"scale-with-grid\" src=\"\" alt=\"\" title=\"\"  \/><\/div><\/div>\n<\/p>\n<hr class=\"no_line\" \/>\n\n<h4>Atenci\u00f3n a familias&nbsp;<\/h4>\n<hr class=\"no_line\" \/>\n\n<p><a class=\"button  button_size_2 button_js\" href=\"\"    ><span class=\"button_label\">Button<\/span><\/a>\n<br \/>\ncenter<br \/>\n#ffffff<br \/>\nno-repeat;left top;;<br \/>\nauto<br \/>\n40px 40px 25px<br \/>\nbox-shadow: 0 0px 40px rgba(239,246,250,.9); border-radius: 15px;border: 1px solid #3b559a;;<\/p>\n<p>Box<br \/>\n<div class=\"image_frame image_item no_link scale-with-grid alignnone no_border\" ><div class=\"image_wrapper\"><img class=\"scale-with-grid\" src=\"\" alt=\"\" title=\"\"  \/><\/div><\/div>\n<\/p>\n<hr class=\"no_line\" \/>\n\n<h4>Sociedad General&nbsp;<\/h4>\n<hr class=\"no_line\" \/>\n\n<p><a class=\"button  button_size_2 button_js\" href=\"\"    ><span class=\"button_label\">Button<\/span><\/a>\n<br \/>\ncenter<br \/>\n#ffffff<br \/>\nno-repeat;left top;;<br \/>\nauto<br \/>\n40px 40px 25px<br \/>\nbox-shadow: 0 0px 40px rgba(239,246,250,.9); border-radius: 15px;border: 1px solid #3b559a;;<\/p>\n<p>Box<br \/>\n<div class=\"image_frame image_item no_link scale-with-grid alignnone no_border\" ><div class=\"image_wrapper\"><img class=\"scale-with-grid\" src=\"\" alt=\"\" title=\"\"  \/><\/div><\/div>\n<\/p>\n<hr class=\"no_line\" \/>\n\n<h4>Centro de d\u00eda&nbsp;<\/h4>\n<hr class=\"no_line\" \/>\n\n<p><a class=\"button  button_size_2 button_js\" href=\"\"    ><span class=\"button_label\">Button<\/span><\/a>\n<br \/>\ncenter<br \/>\n#ffffff<br \/>\nno-repeat;left top;;<br \/>\nauto<br \/>\n40px 40px 25px<br \/>\nbox-shadow: 0 0px 40px rgba(239,246,250,.9); border-radius: 15px;border: 1px solid #3b559a;;<\/p>\n<p>Heading + desc<\/p>\n<h2><span class=\"highlight\" >Patrocinadores y colaboradores<\/span>\n<\/h2>\n<p>center<br \/>\nno-repeat;center top;;<br \/>\ncover<br \/>\n0px<\/p>\n<p>40<br \/>\ndefault<\/p>\n<p><img src=\"https:\/\/www.afaex.org\/afaex\/media\/2019\/09\/logo-ministerio02.jpg\" alt=\"logo-ministerio02\"><br \/>\ncenter<br \/>\n<a href=\"https:\/\/www.mscbs.gob.es\">https:\/\/www.mscbs.gob.es<\/a><br \/>\ndisable<\/p>\n<p><img src=\"https:\/\/www.afaex.org\/afaex\/media\/2019\/07\/logo-sepad.jpg\" alt=\"logo-sepad\"><br \/>\ncenter<br \/>\n<a href=\"https:\/\/saludextremadura.ses.es\/sepad\/inicio\">https:\/\/saludextremadura.ses.es\/sepad\/inicio<\/a><br \/>\ndisable<\/p>\n<p><img src=\"https:\/\/www.afaex.org\/afaex\/media\/2019\/07\/logo-diputacion.jpg\" alt=\"logo-diputacion\"><br \/>\ncenter<br \/>\n<a href=\"https:\/\/www.dip-badajoz.es\">https:\/\/www.dip-badajoz.es<\/a><br \/>\ndisable<\/p>\n<p><img src=\"https:\/\/www.afaex.org\/afaex\/media\/2019\/09\/logo-fundacion-ibercaja.jpg\" alt=\"logo-fundacion-ibercaja\"><br \/>\ncenter<br \/>\n<a href=\"https:\/\/www.fundacioncb.es\">https:\/\/www.fundacioncb.es<\/a><br \/>\ndisable<\/p>\n<p>50<br \/>\ndefault<\/p>\n<p><img src=\"https:\/\/www.afaex.org\/afaex\/media\/2019\/07\/logo-bankia.jpg\" alt=\"logo-bankia\"><br \/>\ncenter<br \/>\n<a href=\"https:\/\/enaccion.bankia.com\">https:\/\/enaccion.bankia.com<\/a><br \/>\ndisable<\/p>\n<p><img src=\"https:\/\/www.afaex.org\/afaex\/media\/2019\/09\/logo-reccreativos.jpg\" alt=\"logo-reccreativos\"><br \/>\ncenter<br \/>\n<a href=\"https:\/\/www.reccreativos.com\">https:\/\/www.reccreativos.com<\/a><br \/>\ndisable<\/p>\n<h2> Haz un donativo y ay\u00fadanos  a hacer frente a la enfermedad del Alzheimer.<\/h2>\n<hr class=\"no_line\" \/>\n\n<a class=\"button  button_size_2 button_js\" href=\"\"    ><span class=\"button_label\">Button<\/span><\/a>\n\n<p>center<br \/>\nno-repeat;left top;;<br \/>\nauto<br \/>\n10px<br \/>\n0 10% 0<br \/>\ndark<\/p>\n","protected":false},"excerpt":{"rendered":"<p>Servicios AFAEX es una entidad social SIN \u00c1NIMO DE LUCRO (ONG), que tiene<span class=\"excerpt-hellip\"> [\u2026]<\/span><\/p>\n","protected":false},"author":1,"featured_media":473,"parent":0,"menu_order":40,"comment_status":"closed","ping_status":"closed","template":"","meta":{"spay_email":""},"yoast_head":"<!-- This site is optimized with the Yoast SEO plugin v18.0 - https:\/\/yoast.com\/wordpress\/plugins\/seo\/ -->\n<title>Servicios - AFAEX Inf\u00f3rmese de los servicios que le ofrecemos<\/title>\n<meta name=\"description\" content=\"Nuestro objetivo es coordinar esfuerzos para ayudar a hacer frente a la Enfermedad de Alzheimer en colaboraci\u00f3n con entidades p\u00fablicas y privadas\" \/>\n<meta name=\"robots\" content=\"index, follow, max-snippet:-1, max-image-preview:large, max-video-preview:-1\" \/>\n<link rel=\"canonical\" href=\"https:\/\/www.afaex.org\/afaex\/servicios\/\" \/>\n<meta property=\"og:locale\" content=\"es_ES\" \/>\n<meta property=\"og:type\" content=\"article\" \/>\n<meta property=\"og:title\" content=\"Servicios - AFAEX Inf\u00f3rmese de los servicios que le ofrecemos\" \/>\n<meta property=\"og:description\" content=\"Nuestro objetivo es coordinar esfuerzos para ayudar a hacer frente a la Enfermedad de Alzheimer en colaboraci\u00f3n con entidades p\u00fablicas y privadas\" \/>\n<meta property=\"og:url\" content=\"https:\/\/www.afaex.org\/afaex\/servicios\/\" \/>\n<meta property=\"og:site_name\" content=\"AFAEX\" \/>\n<meta property=\"article:publisher\" content=\"https:\/\/www.facebook.com\/afaex.alzheimer\" \/>\n<meta property=\"article:modified_time\" content=\"2022-08-17T17:51:51+00:00\" \/>\n<meta property=\"og:image\" content=\"https:\/\/www.afaex.org\/afaex\/media\/2019\/09\/AFAEX.png\" \/>\n\t<meta property=\"og:image:width\" content=\"780\" \/>\n\t<meta property=\"og:image:height\" content=\"780\" \/>\n\t<meta property=\"og:image:type\" content=\"image\/png\" \/>\n<meta name=\"twitter:card\" content=\"summary_large_image\" \/>\n<meta name=\"twitter:site\" content=\"@afaex_alzheimer\" \/>\n<meta name=\"twitter:label1\" content=\"Tiempo de lectura\" \/>\n\t<meta name=\"twitter:data1\" content=\"3 minutos\" \/>\n<script type=\"application\/ld+json\" class=\"yoast-schema-graph\">{\"@context\":\"https:\/\/schema.org\",\"@graph\":[{\"@type\":\"Organization\",\"@id\":\"https:\/\/www.afaex.org\/afaex\/#organization\",\"name\":\"AFAEX\",\"url\":\"https:\/\/www.afaex.org\/afaex\/\",\"sameAs\":[\"https:\/\/www.facebook.com\/afaex.alzheimer\",\"https:\/\/twitter.com\/afaex_alzheimer\"],\"logo\":{\"@type\":\"ImageObject\",\"@id\":\"https:\/\/www.afaex.org\/afaex\/#logo\",\"inLanguage\":\"es\",\"url\":\"https:\/\/www.afaex.org\/afaex\/media\/2019\/09\/AFAEX.png\",\"contentUrl\":\"https:\/\/www.afaex.org\/afaex\/media\/2019\/09\/AFAEX.png\",\"width\":780,\"height\":780,\"caption\":\"AFAEX\"},\"image\":{\"@id\":\"https:\/\/www.afaex.org\/afaex\/#logo\"}},{\"@type\":\"WebSite\",\"@id\":\"https:\/\/www.afaex.org\/afaex\/#website\",\"url\":\"https:\/\/www.afaex.org\/afaex\/\",\"name\":\"AFAEX\",\"description\":\"Asociaci\u00f3n Extreme\u00f1a de Familiares de enfermos de Alzheimer\",\"publisher\":{\"@id\":\"https:\/\/www.afaex.org\/afaex\/#organization\"},\"potentialAction\":[{\"@type\":\"SearchAction\",\"target\":{\"@type\":\"EntryPoint\",\"urlTemplate\":\"https:\/\/www.afaex.org\/afaex\/?s={search_term_string}\"},\"query-input\":\"required name=search_term_string\"}],\"inLanguage\":\"es\"},{\"@type\":\"ImageObject\",\"@id\":\"https:\/\/www.afaex.org\/afaex\/servicios\/#primaryimage\",\"inLanguage\":\"es\",\"url\":\"https:\/\/www.afaex.org\/afaex\/media\/2019\/09\/AFAEX.png\",\"contentUrl\":\"https:\/\/www.afaex.org\/afaex\/media\/2019\/09\/AFAEX.png\",\"width\":780,\"height\":780},{\"@type\":\"WebPage\",\"@id\":\"https:\/\/www.afaex.org\/afaex\/servicios\/#webpage\",\"url\":\"https:\/\/www.afaex.org\/afaex\/servicios\/\",\"name\":\"Servicios - AFAEX Inf\u00f3rmese de los servicios que le ofrecemos\",\"isPartOf\":{\"@id\":\"https:\/\/www.afaex.org\/afaex\/#website\"},\"primaryImageOfPage\":{\"@id\":\"https:\/\/www.afaex.org\/afaex\/servicios\/#primaryimage\"},\"datePublished\":\"2019-07-01T15:27:34+00:00\",\"dateModified\":\"2022-08-17T17:51:51+00:00\",\"description\":\"Nuestro objetivo es coordinar esfuerzos para ayudar a hacer frente a la Enfermedad de Alzheimer en colaboraci\u00f3n con entidades p\u00fablicas y privadas\",\"breadcrumb\":{\"@id\":\"https:\/\/www.afaex.org\/afaex\/servicios\/#breadcrumb\"},\"inLanguage\":\"es\",\"potentialAction\":[{\"@type\":\"ReadAction\",\"target\":[\"https:\/\/www.afaex.org\/afaex\/servicios\/\"]}]},{\"@type\":\"BreadcrumbList\",\"@id\":\"https:\/\/www.afaex.org\/afaex\/servicios\/#breadcrumb\",\"itemListElement\":[{\"@type\":\"ListItem\",\"position\":1,\"name\":\"Portada\",\"item\":\"https:\/\/www.afaex.org\/afaex\/\"},{\"@type\":\"ListItem\",\"position\":2,\"name\":\"Servicios\"}]}]}<\/script>\n<!-- \/ Yoast SEO plugin. -->","yoast_head_json":{"title":"Servicios - AFAEX Inf\u00f3rmese de los servicios que le ofrecemos","description":"Nuestro objetivo es coordinar esfuerzos para ayudar a hacer frente a la Enfermedad de Alzheimer en colaboraci\u00f3n con entidades p\u00fablicas y privadas","robots":{"index":"index","follow":"follow","max-snippet":"max-snippet:-1","max-image-preview":"max-image-preview:large","max-video-preview":"max-video-preview:-1"},"canonical":"https:\/\/www.afaex.org\/afaex\/servicios\/","og_locale":"es_ES","og_type":"article","og_title":"Servicios - AFAEX Inf\u00f3rmese de los servicios que le ofrecemos","og_description":"Nuestro objetivo es coordinar esfuerzos para ayudar a hacer frente a la Enfermedad de Alzheimer en colaboraci\u00f3n con entidades p\u00fablicas y privadas","og_url":"https:\/\/www.afaex.org\/afaex\/servicios\/","og_site_name":"AFAEX","article_publisher":"https:\/\/www.facebook.com\/afaex.alzheimer","article_modified_time":"2022-08-17T17:51:51+00:00","og_image":[{"width":780,"height":780,"url":"https:\/\/www.afaex.org\/afaex\/media\/2019\/09\/AFAEX.png","type":"image\/png"}],"twitter_card":"summary_large_image","twitter_site":"@afaex_alzheimer","twitter_misc":{"Tiempo de lectura":"3 minutos"},"schema":{"@context":"https:\/\/schema.org","@graph":[{"@type":"Organization","@id":"https:\/\/www.afaex.org\/afaex\/#organization","name":"AFAEX","url":"https:\/\/www.afaex.org\/afaex\/","sameAs":["https:\/\/www.facebook.com\/afaex.alzheimer","https:\/\/twitter.com\/afaex_alzheimer"],"logo":{"@type":"ImageObject","@id":"https:\/\/www.afaex.org\/afaex\/#logo","inLanguage":"es","url":"https:\/\/www.afaex.org\/afaex\/media\/2019\/09\/AFAEX.png","contentUrl":"https:\/\/www.afaex.org\/afaex\/media\/2019\/09\/AFAEX.png","width":780,"height":780,"caption":"AFAEX"},"image":{"@id":"https:\/\/www.afaex.org\/afaex\/#logo"}},{"@type":"WebSite","@id":"https:\/\/www.afaex.org\/afaex\/#website","url":"https:\/\/www.afaex.org\/afaex\/","name":"AFAEX","description":"Asociaci\u00f3n Extreme\u00f1a de Familiares de enfermos de Alzheimer","publisher":{"@id":"https:\/\/www.afaex.org\/afaex\/#organization"},"potentialAction":[{"@type":"SearchAction","target":{"@type":"EntryPoint","urlTemplate":"https:\/\/www.afaex.org\/afaex\/?s={search_term_string}"},"query-input":"required name=search_term_string"}],"inLanguage":"es"},{"@type":"ImageObject","@id":"https:\/\/www.afaex.org\/afaex\/servicios\/#primaryimage","inLanguage":"es","url":"https:\/\/www.afaex.org\/afaex\/media\/2019\/09\/AFAEX.png","contentUrl":"https:\/\/www.afaex.org\/afaex\/media\/2019\/09\/AFAEX.png","width":780,"height":780},{"@type":"WebPage","@id":"https:\/\/www.afaex.org\/afaex\/servicios\/#webpage","url":"https:\/\/www.afaex.org\/afaex\/servicios\/","name":"Servicios - AFAEX Inf\u00f3rmese de los servicios que le ofrecemos","isPartOf":{"@id":"https:\/\/www.afaex.org\/afaex\/#website"},"primaryImageOfPage":{"@id":"https:\/\/www.afaex.org\/afaex\/servicios\/#primaryimage"},"datePublished":"2019-07-01T15:27:34+00:00","dateModified":"2022-08-17T17:51:51+00:00","description":"Nuestro objetivo es coordinar esfuerzos para ayudar a hacer frente a la Enfermedad de Alzheimer en colaboraci\u00f3n con entidades p\u00fablicas y privadas","breadcrumb":{"@id":"https:\/\/www.afaex.org\/afaex\/servicios\/#breadcrumb"},"inLanguage":"es","potentialAction":[{"@type":"ReadAction","target":["https:\/\/www.afaex.org\/afaex\/servicios\/"]}]},{"@type":"BreadcrumbList","@id":"https:\/\/www.afaex.org\/afaex\/servicios\/#breadcrumb","itemListElement":[{"@type":"ListItem","position":1,"name":"Portada","item":"https:\/\/www.afaex.org\/afaex\/"},{"@type":"ListItem","position":2,"name":"Servicios"}]}]}},"jetpack_sharing_enabled":true,"_links":{"self":[{"href":"https:\/\/www.afaex.org\/afaex\/wp-json\/wp\/v2\/pages\/35"}],"collection":[{"href":"https:\/\/www.afaex.org\/afaex\/wp-json\/wp\/v2\/pages"}],"about":[{"href":"https:\/\/www.afaex.org\/afaex\/wp-json\/wp\/v2\/types\/page"}],"author":[{"embeddable":true,"href":"https:\/\/www.afaex.org\/afaex\/wp-json\/wp\/v2\/users\/1"}],"replies":[{"embeddable":true,"href":"https:\/\/www.afaex.org\/afaex\/wp-json\/wp\/v2\/comments?post=35"}],"version-history":[{"count":4,"href":"https:\/\/www.afaex.org\/afaex\/wp-json\/wp\/v2\/pages\/35\/revisions"}],"predecessor-version":[{"id":982,"href":"https:\/\/www.afaex.org\/afaex\/wp-json\/wp\/v2\/pages\/35\/revisions\/982"}],"wp:featuredmedia":[{"embeddable":true,"href":"https:\/\/www.afaex.org\/afaex\/wp-json\/wp\/v2\/media\/473"}],"wp:attachment":[{"href":"https:\/\/www.afaex.org\/afaex\/wp-json\/wp\/v2\/media?parent=35"}],"curies":[{"name":"wp","href":"https:\/\/api.w.org\/{rel}","templated":true}]}}