{"id":400,"date":"2019-09-09T18:49:33","date_gmt":"2019-09-09T16:49:33","guid":{"rendered":"https:\/\/www.afaex.org\/afaex\/?page_id=400"},"modified":"2022-08-17T20:01:06","modified_gmt":"2022-08-17T18:01:06","slug":"sociedad-general","status":"publish","type":"page","link":"https:\/\/www.afaex.org\/afaex\/servicios\/sociedad-general\/","title":{"rendered":"Sociedad general"},"content":{"rendered":"<h1>Sociedad general<\/h1>\n<p>left<br \/>\nno-repeat;left top;;<br \/>\nauto<br \/>\n0px<\/p>\n<p>Heading + desc<br \/>\n<hr class=\"no_line\" \/>\n<\/p>\n<p>AFAEX   tiene como \u00e1mbito de actuaci\u00f3n la Comunidad Extreme\u00f1a  y su objetivo general es coordinar esfuerzos para ayudar a hacer frente a las situaciones que se derivan de la Enfermedad de Alzheimer. Para fomentar una sociedad inclusiva y amigable con el Alzheimer es necesario difundir el conocimiento de todos los aspectos de la enfermedad y su problem\u00e1tica asociada e incentivar la implicaci\u00f3n activa y solidaria con aquellos que la sufren.<\/p>\n<hr class=\"no_line\" \/>\n\n<p><a class=\"button  button_size_2 button_js\" href=\"\"    ><span class=\"button_label\">Button<\/span><\/a>\n<br \/>\njustify<br \/>\nno-repeat;left top;;<br \/>\nauto<br \/>\n0px<\/p>\n<p><img src=\"https:\/\/www.afaex.org\/afaex\/media\/2019\/09\/img-sociedad-general.png\" alt=\"img-sociedad-general\"><br \/>\ncenter<\/p>\n<h2><span class=\"highlight\" >Conoce m\u00e1s sobre atenci\u00f3n a la sociedad<\/span>\n<\/h2>\n<p>center<br \/>\nno-repeat;left top;;<br \/>\ncover<br \/>\n0px<br \/>\n50px 0 10px 0<\/p>\n<h5>Taller de prevenci\u00f3n del deterioro cognitivo y EpS.<\/h5>\n<p>Son espacios terap\u00e9uticos y formativos donde se promueve la prevenci\u00f3n, la educaci\u00f3n para la salud y el envejecimiento activo entre el adulto mayor para combatir los factores de riesgos frente  a  esta dolencia.<\/p>\n<hr class=\"no_line\" \/>\n\n<h5>Conferencias<\/h5>\n<p>Actividades de informaci\u00f3n, abiertas y gratuitas, sobre temas relacionados con el Alzheimer que faciliten su comprensi\u00f3n, afrontamiento, atenci\u00f3n integral, etc.<\/p>\n<hr class=\"no_line\" \/>\n\n<h5>Campa\u00f1as de sensibilizaci\u00f3n y eventos<\/h5>\n<p>Actividades de difusi\u00f3n destinadas a crear conciencia social inclusiva, fomentar la participaci\u00f3n, el conocimiento y las buenas pr\u00e1cticas compartidas, fomentar la participaci\u00f3n y la solidaridad para con los afectados, comunicar el posicionamiento o la defensa de los intereses y derechos de los afectados.<\/p>\n<hr class=\"no_line\" \/>\n\n<h5>Informaci\u00f3n permanente<\/h5>\n<p>A trav\u00e9s de la web de la entidad, sus redes, el bolet\u00edn informativo\u2026  AFAEX informa y responde a temas de inter\u00e9s actualizados sobre la enfermedad, el desarrollo de su labor, el estado de la investigaci\u00f3n, cobertura y servicios, legislaci\u00f3n, pol\u00edticas, opini\u00f3n, testimonios, consejos, etc.<br \/>\nleft<br \/>\nno-repeat;left top;;<br \/>\nauto<br \/>\n0px<br \/>\n0 0 0 20px<\/p>\n<p><img src=\"https:\/\/www.afaex.org\/afaex\/media\/2019\/09\/img-atencion-familia.png\" alt=\"img-atencion-familia\"><br \/>\ncenter<\/p>\n<p>Heading + desc<\/p>\n<h2>Nuestros servicios<\/h2>\n<p>center<br \/>\nno-repeat;left top;;<br \/>\ncover<br \/>\n0px<br \/>\n30px 0<\/p>\n<p>Box<br \/>\n<div class=\"image_frame image_item no_link scale-with-grid alignnone no_border\" ><div class=\"image_wrapper\"><img class=\"scale-with-grid\" src=\"\" alt=\"\" title=\"\"  \/><\/div><\/div>\n<\/p>\n<hr class=\"no_line\" \/>\n\n<h4>Persona con<\/p>\n<p>Deterioro Cognitivo<\/h4>\n<hr class=\"no_line\" \/>\n\n<p><a class=\"button  button_size_2 button_js\" href=\"\"    ><span class=\"button_label\">Button<\/span><\/a>\n<br \/>\ncenter<br \/>\nno-repeat;left top;;<br \/>\nauto<br \/>\n30px 15% 15px<br \/>\nborder-right: 1px solid #3b559a;<\/p>\n<p>Box<br \/>\n<div class=\"image_frame image_item no_link scale-with-grid alignnone no_border\" ><div class=\"image_wrapper\"><img class=\"scale-with-grid\" src=\"\" alt=\"\" title=\"\"  \/><\/div><\/div>\n<\/p>\n<hr class=\"no_line\" \/>\n\n<h4>Atenci\u00f3n a familias&nbsp;<\/h4>\n<hr class=\"no_line\" \/>\n\n<p><a class=\"button  button_size_2 button_js\" href=\"\"    ><span class=\"button_label\">Button<\/span><\/a>\n<br \/>\ncenter<br \/>\nno-repeat;left top;;<br \/>\nauto<br \/>\n30px 15% 15px<br \/>\nborder-right: 1px solid #3b559a;<\/p>\n<p>Box<br \/>\n<div class=\"image_frame image_item no_link scale-with-grid alignnone no_border\" ><div class=\"image_wrapper\"><img class=\"scale-with-grid\" src=\"\" alt=\"\" title=\"\"  \/><\/div><\/div>\n<\/p>\n<hr class=\"no_line\" \/>\n\n<h4>Centro de d\u00eda&nbsp;<\/h4>\n<hr class=\"no_line\" \/>\n\n<p><a class=\"button  button_size_2 button_js\" href=\"\"    ><span class=\"button_label\">Button<\/span><\/a>\n<br \/>\ncenter<br \/>\nno-repeat;left top;;<br \/>\nauto<br \/>\n30px 15% 15px<\/p>\n<p>Heading + desc<\/p>\n<h2><span class=\"highlight\" >Patrocinadores y colaboradores<\/span>\n<\/h2>\n<p>center<br \/>\nno-repeat;center top;;<br \/>\ncover<br \/>\n0px<\/p>\n<p>40<br \/>\ndefault<\/p>\n<p><img src=\"https:\/\/www.afaex.org\/afaex\/media\/2019\/09\/logo-ministerio02.jpg\" alt=\"logo-ministerio02\"><br \/>\ncenter<br \/>\n<a href=\"https:\/\/www.mscbs.gob.es\">https:\/\/www.mscbs.gob.es<\/a><br \/>\ndisable<\/p>\n<p><img src=\"https:\/\/www.afaex.org\/afaex\/media\/2019\/07\/logo-sepad.jpg\" alt=\"logo-sepad\"><br \/>\ncenter<br \/>\n<a href=\"https:\/\/saludextremadura.ses.es\/sepad\/inicio\">https:\/\/saludextremadura.ses.es\/sepad\/inicio<\/a><br \/>\ndisable<\/p>\n<p><img src=\"https:\/\/www.afaex.org\/afaex\/media\/2019\/07\/logo-diputacion.jpg\" alt=\"logo-diputacion\"><br \/>\ncenter<br \/>\n<a href=\"https:\/\/www.dip-badajoz.es\">https:\/\/www.dip-badajoz.es<\/a><br \/>\ndisable<\/p>\n<p><img src=\"https:\/\/www.afaex.org\/afaex\/media\/2019\/09\/logo-fundacion-ibercaja.jpg\" alt=\"logo-fundacion-ibercaja\"><br \/>\ncenter<br \/>\n<a href=\"https:\/\/www.fundacioncb.es\">https:\/\/www.fundacioncb.es<\/a><br \/>\ndisable<\/p>\n<p>50<br \/>\ndefault<\/p>\n<p><img src=\"https:\/\/www.afaex.org\/afaex\/media\/2019\/07\/logo-bankia.jpg\" alt=\"logo-bankia\"><br \/>\ncenter<br \/>\n<a href=\"https:\/\/enaccion.bankia.com\">https:\/\/enaccion.bankia.com<\/a><br \/>\ndisable<\/p>\n<p><img src=\"https:\/\/www.afaex.org\/afaex\/media\/2019\/09\/logo-reccreativos.jpg\" alt=\"logo-reccreativos\"><br \/>\ncenter<br \/>\n<a href=\"https:\/\/www.reccreativos.com\">https:\/\/www.reccreativos.com<\/a><br \/>\ndisable<\/p>\n<h2> Haz un donativo y ay\u00fadanos  a hacer frente a la enfermedad del Alzheimer.<\/h2>\n<hr class=\"no_line\" \/>\n\n<a class=\"button  button_size_2 button_js\" href=\"\"    ><span class=\"button_label\">Button<\/span><\/a>\n\n<p>center<br \/>\nno-repeat;left top;;<br \/>\nauto<br \/>\n10px<br \/>\n0 10% 0<br \/>\ndark<\/p>\n","protected":false},"excerpt":{"rendered":"<p>Sociedad general left no-repeat;left top;; auto 0px Heading + desc AFAEX tiene como<span class=\"excerpt-hellip\"> [\u2026]<\/span><\/p>\n","protected":false},"author":1,"featured_media":473,"parent":35,"menu_order":60,"comment_status":"closed","ping_status":"closed","template":"","meta":{"spay_email":""},"yoast_head":"<!-- This site is optimized with the Yoast SEO plugin v18.0 - https:\/\/yoast.com\/wordpress\/plugins\/seo\/ -->\n<title>Sociedad general - difundir el conocimiento del alzheimer a la sociedad<\/title>\n<meta name=\"description\" content=\"Difundir el conocimiento del alzheimer y su problem\u00e1tica con aquellos que la sufren para fomentar una sociedad inclusiva y amigable.\" \/>\n<meta name=\"robots\" content=\"index, follow, max-snippet:-1, max-image-preview:large, max-video-preview:-1\" \/>\n<link rel=\"canonical\" href=\"https:\/\/www.afaex.org\/afaex\/servicios\/sociedad-general\/\" \/>\n<meta property=\"og:locale\" content=\"es_ES\" \/>\n<meta property=\"og:type\" content=\"article\" \/>\n<meta property=\"og:title\" content=\"Sociedad general - difundir el conocimiento del alzheimer a la sociedad\" \/>\n<meta property=\"og:description\" content=\"Difundir el conocimiento del alzheimer y su problem\u00e1tica con aquellos que la sufren para fomentar una sociedad inclusiva y amigable.\" \/>\n<meta property=\"og:url\" content=\"https:\/\/www.afaex.org\/afaex\/servicios\/sociedad-general\/\" \/>\n<meta property=\"og:site_name\" content=\"AFAEX\" \/>\n<meta property=\"article:publisher\" content=\"https:\/\/www.facebook.com\/afaex.alzheimer\" \/>\n<meta property=\"article:modified_time\" content=\"2022-08-17T18:01:06+00:00\" \/>\n<meta property=\"og:image\" content=\"https:\/\/www.afaex.org\/afaex\/media\/2019\/09\/AFAEX.png\" \/>\n\t<meta property=\"og:image:width\" content=\"780\" \/>\n\t<meta property=\"og:image:height\" content=\"780\" \/>\n\t<meta property=\"og:image:type\" content=\"image\/png\" \/>\n<meta name=\"twitter:card\" content=\"summary_large_image\" \/>\n<meta name=\"twitter:site\" content=\"@afaex_alzheimer\" \/>\n<meta name=\"twitter:label1\" content=\"Tiempo de lectura\" \/>\n\t<meta name=\"twitter:data1\" content=\"4 minutos\" \/>\n<script type=\"application\/ld+json\" class=\"yoast-schema-graph\">{\"@context\":\"https:\/\/schema.org\",\"@graph\":[{\"@type\":\"Organization\",\"@id\":\"https:\/\/www.afaex.org\/afaex\/#organization\",\"name\":\"AFAEX\",\"url\":\"https:\/\/www.afaex.org\/afaex\/\",\"sameAs\":[\"https:\/\/www.facebook.com\/afaex.alzheimer\",\"https:\/\/twitter.com\/afaex_alzheimer\"],\"logo\":{\"@type\":\"ImageObject\",\"@id\":\"https:\/\/www.afaex.org\/afaex\/#logo\",\"inLanguage\":\"es\",\"url\":\"https:\/\/www.afaex.org\/afaex\/media\/2019\/09\/AFAEX.png\",\"contentUrl\":\"https:\/\/www.afaex.org\/afaex\/media\/2019\/09\/AFAEX.png\",\"width\":780,\"height\":780,\"caption\":\"AFAEX\"},\"image\":{\"@id\":\"https:\/\/www.afaex.org\/afaex\/#logo\"}},{\"@type\":\"WebSite\",\"@id\":\"https:\/\/www.afaex.org\/afaex\/#website\",\"url\":\"https:\/\/www.afaex.org\/afaex\/\",\"name\":\"AFAEX\",\"description\":\"Asociaci\u00f3n Extreme\u00f1a de Familiares de enfermos de Alzheimer\",\"publisher\":{\"@id\":\"https:\/\/www.afaex.org\/afaex\/#organization\"},\"potentialAction\":[{\"@type\":\"SearchAction\",\"target\":{\"@type\":\"EntryPoint\",\"urlTemplate\":\"https:\/\/www.afaex.org\/afaex\/?s={search_term_string}\"},\"query-input\":\"required name=search_term_string\"}],\"inLanguage\":\"es\"},{\"@type\":\"ImageObject\",\"@id\":\"https:\/\/www.afaex.org\/afaex\/servicios\/sociedad-general\/#primaryimage\",\"inLanguage\":\"es\",\"url\":\"https:\/\/www.afaex.org\/afaex\/media\/2019\/09\/AFAEX.png\",\"contentUrl\":\"https:\/\/www.afaex.org\/afaex\/media\/2019\/09\/AFAEX.png\",\"width\":780,\"height\":780},{\"@type\":\"WebPage\",\"@id\":\"https:\/\/www.afaex.org\/afaex\/servicios\/sociedad-general\/#webpage\",\"url\":\"https:\/\/www.afaex.org\/afaex\/servicios\/sociedad-general\/\",\"name\":\"Sociedad general - difundir el conocimiento del alzheimer a la sociedad\",\"isPartOf\":{\"@id\":\"https:\/\/www.afaex.org\/afaex\/#website\"},\"primaryImageOfPage\":{\"@id\":\"https:\/\/www.afaex.org\/afaex\/servicios\/sociedad-general\/#primaryimage\"},\"datePublished\":\"2019-09-09T16:49:33+00:00\",\"dateModified\":\"2022-08-17T18:01:06+00:00\",\"description\":\"Difundir el conocimiento del alzheimer y su problem\u00e1tica con aquellos que la sufren para fomentar una sociedad inclusiva y amigable.\",\"breadcrumb\":{\"@id\":\"https:\/\/www.afaex.org\/afaex\/servicios\/sociedad-general\/#breadcrumb\"},\"inLanguage\":\"es\",\"potentialAction\":[{\"@type\":\"ReadAction\",\"target\":[\"https:\/\/www.afaex.org\/afaex\/servicios\/sociedad-general\/\"]}]},{\"@type\":\"BreadcrumbList\",\"@id\":\"https:\/\/www.afaex.org\/afaex\/servicios\/sociedad-general\/#breadcrumb\",\"itemListElement\":[{\"@type\":\"ListItem\",\"position\":1,\"name\":\"Portada\",\"item\":\"https:\/\/www.afaex.org\/afaex\/\"},{\"@type\":\"ListItem\",\"position\":2,\"name\":\"Servicios\",\"item\":\"https:\/\/www.afaex.org\/afaex\/servicios\/\"},{\"@type\":\"ListItem\",\"position\":3,\"name\":\"Sociedad general\"}]}]}<\/script>\n<!-- \/ Yoast SEO plugin. -->","yoast_head_json":{"title":"Sociedad general - difundir el conocimiento del alzheimer a la sociedad","description":"Difundir el conocimiento del alzheimer y su problem\u00e1tica con aquellos que la sufren para fomentar una sociedad inclusiva y amigable.","robots":{"index":"index","follow":"follow","max-snippet":"max-snippet:-1","max-image-preview":"max-image-preview:large","max-video-preview":"max-video-preview:-1"},"canonical":"https:\/\/www.afaex.org\/afaex\/servicios\/sociedad-general\/","og_locale":"es_ES","og_type":"article","og_title":"Sociedad general - difundir el conocimiento del alzheimer a la sociedad","og_description":"Difundir el conocimiento del alzheimer y su problem\u00e1tica con aquellos que la sufren para fomentar una sociedad inclusiva y amigable.","og_url":"https:\/\/www.afaex.org\/afaex\/servicios\/sociedad-general\/","og_site_name":"AFAEX","article_publisher":"https:\/\/www.facebook.com\/afaex.alzheimer","article_modified_time":"2022-08-17T18:01:06+00:00","og_image":[{"width":780,"height":780,"url":"https:\/\/www.afaex.org\/afaex\/media\/2019\/09\/AFAEX.png","type":"image\/png"}],"twitter_card":"summary_large_image","twitter_site":"@afaex_alzheimer","twitter_misc":{"Tiempo de lectura":"4 minutos"},"schema":{"@context":"https:\/\/schema.org","@graph":[{"@type":"Organization","@id":"https:\/\/www.afaex.org\/afaex\/#organization","name":"AFAEX","url":"https:\/\/www.afaex.org\/afaex\/","sameAs":["https:\/\/www.facebook.com\/afaex.alzheimer","https:\/\/twitter.com\/afaex_alzheimer"],"logo":{"@type":"ImageObject","@id":"https:\/\/www.afaex.org\/afaex\/#logo","inLanguage":"es","url":"https:\/\/www.afaex.org\/afaex\/media\/2019\/09\/AFAEX.png","contentUrl":"https:\/\/www.afaex.org\/afaex\/media\/2019\/09\/AFAEX.png","width":780,"height":780,"caption":"AFAEX"},"image":{"@id":"https:\/\/www.afaex.org\/afaex\/#logo"}},{"@type":"WebSite","@id":"https:\/\/www.afaex.org\/afaex\/#website","url":"https:\/\/www.afaex.org\/afaex\/","name":"AFAEX","description":"Asociaci\u00f3n Extreme\u00f1a de Familiares de enfermos de Alzheimer","publisher":{"@id":"https:\/\/www.afaex.org\/afaex\/#organization"},"potentialAction":[{"@type":"SearchAction","target":{"@type":"EntryPoint","urlTemplate":"https:\/\/www.afaex.org\/afaex\/?s={search_term_string}"},"query-input":"required name=search_term_string"}],"inLanguage":"es"},{"@type":"ImageObject","@id":"https:\/\/www.afaex.org\/afaex\/servicios\/sociedad-general\/#primaryimage","inLanguage":"es","url":"https:\/\/www.afaex.org\/afaex\/media\/2019\/09\/AFAEX.png","contentUrl":"https:\/\/www.afaex.org\/afaex\/media\/2019\/09\/AFAEX.png","width":780,"height":780},{"@type":"WebPage","@id":"https:\/\/www.afaex.org\/afaex\/servicios\/sociedad-general\/#webpage","url":"https:\/\/www.afaex.org\/afaex\/servicios\/sociedad-general\/","name":"Sociedad general - difundir el conocimiento del alzheimer a la sociedad","isPartOf":{"@id":"https:\/\/www.afaex.org\/afaex\/#website"},"primaryImageOfPage":{"@id":"https:\/\/www.afaex.org\/afaex\/servicios\/sociedad-general\/#primaryimage"},"datePublished":"2019-09-09T16:49:33+00:00","dateModified":"2022-08-17T18:01:06+00:00","description":"Difundir el conocimiento del alzheimer y su problem\u00e1tica con aquellos que la sufren para fomentar una sociedad inclusiva y amigable.","breadcrumb":{"@id":"https:\/\/www.afaex.org\/afaex\/servicios\/sociedad-general\/#breadcrumb"},"inLanguage":"es","potentialAction":[{"@type":"ReadAction","target":["https:\/\/www.afaex.org\/afaex\/servicios\/sociedad-general\/"]}]},{"@type":"BreadcrumbList","@id":"https:\/\/www.afaex.org\/afaex\/servicios\/sociedad-general\/#breadcrumb","itemListElement":[{"@type":"ListItem","position":1,"name":"Portada","item":"https:\/\/www.afaex.org\/afaex\/"},{"@type":"ListItem","position":2,"name":"Servicios","item":"https:\/\/www.afaex.org\/afaex\/servicios\/"},{"@type":"ListItem","position":3,"name":"Sociedad general"}]}]}},"jetpack_sharing_enabled":true,"_links":{"self":[{"href":"https:\/\/www.afaex.org\/afaex\/wp-json\/wp\/v2\/pages\/400"}],"collection":[{"href":"https:\/\/www.afaex.org\/afaex\/wp-json\/wp\/v2\/pages"}],"about":[{"href":"https:\/\/www.afaex.org\/afaex\/wp-json\/wp\/v2\/types\/page"}],"author":[{"embeddable":true,"href":"https:\/\/www.afaex.org\/afaex\/wp-json\/wp\/v2\/users\/1"}],"replies":[{"embeddable":true,"href":"https:\/\/www.afaex.org\/afaex\/wp-json\/wp\/v2\/comments?post=400"}],"version-history":[{"count":4,"href":"https:\/\/www.afaex.org\/afaex\/wp-json\/wp\/v2\/pages\/400\/revisions"}],"predecessor-version":[{"id":985,"href":"https:\/\/www.afaex.org\/afaex\/wp-json\/wp\/v2\/pages\/400\/revisions\/985"}],"up":[{"embeddable":true,"href":"https:\/\/www.afaex.org\/afaex\/wp-json\/wp\/v2\/pages\/35"}],"wp:featuredmedia":[{"embeddable":true,"href":"https:\/\/www.afaex.org\/afaex\/wp-json\/wp\/v2\/media\/473"}],"wp:attachment":[{"href":"https:\/\/www.afaex.org\/afaex\/wp-json\/wp\/v2\/media?parent=400"}],"curies":[{"name":"wp","href":"https:\/\/api.w.org\/{rel}","templated":true}]}}