{"id":725,"date":"2023-03-21T20:08:00","date_gmt":"2023-03-21T19:08:00","guid":{"rendered":"https:\/\/www.afaex.org\/afaex\/?page_id=725"},"modified":"2023-06-09T11:38:48","modified_gmt":"2023-06-09T09:38:48","slug":"enfermedad-alzheimer-ancianos-badajoz-ayuda-2-2-2-2","status":"publish","type":"page","link":"https:\/\/www.afaex.org\/afaex\/","title":{"rendered":"Home"},"content":{"rendered":"<p>200<br \/>\ndefault<\/p>\n<p><img src=\"https:\/\/www.afaex.org\/afaex\/media\/2019\/07\/img-slider-1.png\" alt=\"img-slider\"><br \/>\ncenter<br \/>\nfadeIn<\/p>\n<h2>Bienvenido a AFAEX<\/h2>\n<p><hr class=\"no_line\" style=\"margin: 0 auto 10px;\"\/>\n<br \/>\nleft<br \/>\nno-repeat;left top;;<br \/>\ncover<br \/>\n0px<\/p>\n<p>\t\t<div class=\"wppsac-wrap wppsac-slick-slider-wrp wppsac-clearfix \" data-conf=\"{&quot;dots&quot;:&quot;true&quot;,&quot;arrows&quot;:&quot;true&quot;,&quot;autoplay&quot;:&quot;true&quot;,&quot;autoplay_interval&quot;:3000,&quot;speed&quot;:500,&quot;rtl&quot;:&quot;false&quot;,&quot;lazyload&quot;:&quot;&quot;}\">\r\n\t\t\t<div id=\"wppsac-post-slider-1\" class=\"wppsac-post-slider-init wppsac-post-slider design-1\">\r\n\t\t\t\t<div class=\"wppsac-post-slides\">\r\n\t<div class=\"wppsac-post-content-position\">\r\n\t\t<div class=\"wppsac-post-content-left wp-medium-8 wpcolumns\">\r\n\t\t\t\t\t\t<div class=\"wppsac-post-categories\"><ul class=\"wppsac-post-categories-list\"><li><a href=\"https:\/\/www.afaex.org\/afaex\/category\/noticias\/\">Noticias<\/a><\/li><\/ul><\/div>\r\n\t\t\t\r\n\t\t\t<h2 class=\"wppsac-post-title\">\r\n\t\t\t\t<a href=\"https:\/\/www.afaex.org\/afaex\/vii-certamen-de-relatos-afaex-antonio-regalado-guareno\/\">VII Certamen de Relatos AFAEX, \u201cANTONIO REGALADO GUARE\u00d1O\u201d<\/a>\r\n\t\t\t<\/h2>\r\n\r\n\t\t\t\t\t\t<div class=\"wppsac-post-date\">\r\n\t\t\t\t\t\t\t\t\t<span>By RecCreativos<\/span>\r\n\t\t\t\t \/ 12 junio, 2023\t\t\t<\/div>\r\n\t\t\t\t\t\t<div class=\"wppsac-post-content\">\r\n\t\t\t\t<div class=\"wppsac-sub-content\">AFAEX, dentro de su programa de sensibilizaci\u00f3n organiza, un a\u00f1o m\u00e1s, el Certamen de Relatos, en memoria de uno de...<\/div>\r\n\t\t\t\t\r\n\t\t\t\t\t\t\t\t<a class=\"wppsac-readmorebtn\" href=\"https:\/\/www.afaex.org\/afaex\/vii-certamen-de-relatos-afaex-antonio-regalado-guareno\/\">Read More<\/a>\r\n\t\t\t\t\t\t\t<\/div>\r\n\t\t\t\t\t<\/div>\r\n\t\t<div class=\"wppsac-post-image-bg\">\r\n\t\t\t<a href=\"https:\/\/www.afaex.org\/afaex\/vii-certamen-de-relatos-afaex-antonio-regalado-guareno\/\">\r\n\t\t\t\t\t\t\t\t<img class=\"wppsac-post-image\"  src=\"https:\/\/www.afaex.org\/afaex\/media\/2023\/06\/Cartel-certamen.png\" alt=\"VII Certamen de Relatos AFAEX, \u201cANTONIO REGALADO GUARE\u00d1O\u201d\" \/>\r\n\t\t\t\t\t\t\t<\/a>\r\n\t\t<\/div>\r\n\t<\/div>\r\n<\/div><div class=\"wppsac-post-slides\">\r\n\t<div class=\"wppsac-post-content-position\">\r\n\t\t<div class=\"wppsac-post-content-left wp-medium-8 wpcolumns\">\r\n\t\t\t\t\t\t<div class=\"wppsac-post-categories\"><ul class=\"wppsac-post-categories-list\"><li><a href=\"https:\/\/www.afaex.org\/afaex\/category\/noticias\/\">Noticias<\/a><\/li><\/ul><\/div>\r\n\t\t\t\r\n\t\t\t<h2 class=\"wppsac-post-title\">\r\n\t\t\t\t<a href=\"https:\/\/www.afaex.org\/afaex\/el-sepad-subvenciona-los-proyectos-de-afaex-2\/\">El SEPAD subvenciona los Proyectos de AFAEX<\/a>\r\n\t\t\t<\/h2>\r\n\r\n\t\t\t\t\t\t<div class=\"wppsac-post-date\">\r\n\t\t\t\t\t\t\t\t\t<span>By AFAEX<\/span>\r\n\t\t\t\t \/ 10 abril, 2023\t\t\t<\/div>\r\n\t\t\t\t\t\t<div class=\"wppsac-post-content\">\r\n\t\t\t\t<div class=\"wppsac-sub-content\">Un a\u00f1o m\u00e1s, el SEPAD (Servicio Extreme\u00f1o de Promoci\u00f3n de la Autonom\u00eda y Atenci\u00f3n a la Dependencia), perteneciente a la...<\/div>\r\n\t\t\t\t\r\n\t\t\t\t\t\t\t\t<a class=\"wppsac-readmorebtn\" href=\"https:\/\/www.afaex.org\/afaex\/el-sepad-subvenciona-los-proyectos-de-afaex-2\/\">Read More<\/a>\r\n\t\t\t\t\t\t\t<\/div>\r\n\t\t\t\t\t<\/div>\r\n\t\t<div class=\"wppsac-post-image-bg\">\r\n\t\t\t<a href=\"https:\/\/www.afaex.org\/afaex\/el-sepad-subvenciona-los-proyectos-de-afaex-2\/\">\r\n\t\t\t\t\t\t\t\t<img class=\"wppsac-post-image\"  src=\"https:\/\/www.afaex.org\/afaex\/media\/2023\/04\/SUBV-SEPAD.jpg\" alt=\"El SEPAD subvenciona los Proyectos de AFAEX\" \/>\r\n\t\t\t\t\t\t\t<\/a>\r\n\t\t<\/div>\r\n\t<\/div>\r\n<\/div><div class=\"wppsac-post-slides\">\r\n\t<div class=\"wppsac-post-content-position\">\r\n\t\t<div class=\"wppsac-post-content-left wp-medium-8 wpcolumns\">\r\n\t\t\t\t\t\t<div class=\"wppsac-post-categories\"><ul class=\"wppsac-post-categories-list\"><li><a href=\"https:\/\/www.afaex.org\/afaex\/category\/noticias\/\">Noticias<\/a><\/li><\/ul><\/div>\r\n\t\t\t\r\n\t\t\t<h2 class=\"wppsac-post-title\">\r\n\t\t\t\t<a href=\"https:\/\/www.afaex.org\/afaex\/taller-relajacion-muscular\/\">Taller de RELAJACI\u00d3N MUSCULAR<\/a>\r\n\t\t\t<\/h2>\r\n\r\n\t\t\t\t\t\t<div class=\"wppsac-post-date\">\r\n\t\t\t\t\t\t\t\t\t<span>By AFAEX<\/span>\r\n\t\t\t\t \/ 22 marzo, 2023\t\t\t<\/div>\r\n\t\t\t\t\t\t<div class=\"wppsac-post-content\">\r\n\t\t\t\t<div class=\"wppsac-sub-content\">\u00bfTienes tensi\u00f3n muscular fruto del cuidado de un familiar?. Te proponemos acudir a nuestro \"Taller de Relajaci\u00f3n Muscular\", en \u00e9l...<\/div>\r\n\t\t\t\t\r\n\t\t\t\t\t\t\t\t<a class=\"wppsac-readmorebtn\" href=\"https:\/\/www.afaex.org\/afaex\/taller-relajacion-muscular\/\">Read More<\/a>\r\n\t\t\t\t\t\t\t<\/div>\r\n\t\t\t\t\t<\/div>\r\n\t\t<div class=\"wppsac-post-image-bg\">\r\n\t\t\t<a href=\"https:\/\/www.afaex.org\/afaex\/taller-relajacion-muscular\/\">\r\n\t\t\t\t\t\t\t\t<img class=\"wppsac-post-image\"  src=\"https:\/\/www.afaex.org\/afaex\/media\/2023\/03\/Cartel.png\" alt=\"Taller de RELAJACI\u00d3N MUSCULAR\" \/>\r\n\t\t\t\t\t\t\t<\/a>\r\n\t\t<\/div>\r\n\t<\/div>\r\n<\/div>\t\t\t<\/div>\r\n\t\t<\/div>\r\n\t<br \/>\nleft<br \/>\nno-repeat;left top;;<br \/>\ncover<br \/>\n0px<\/p>\n<p>Heading + desc<\/p>\n<h2>Nuestros servicios<\/h2>\n<p>center<br \/>\nno-repeat;left top;;<br \/>\ncover<br \/>\n0px<br \/>\n30px 0<\/p>\n<p>Box<br \/>\n<div class=\"image_frame image_item no_link scale-with-grid alignnone no_border\" ><div class=\"image_wrapper\"><img class=\"scale-with-grid\" src=\"https:\/\/www.afaex.org\/afaex\/media\/2019\/07\/ico-familias.png\" alt=\"ico-familias\" title=\"ico-familias\" width=\"91\" height=\"91\"\/><\/div><\/div>\n<\/p>\n<hr class=\"no_line\" style=\"margin: 0 auto 30px;\"\/>\n\n<h4>Deterioro Cognitivo<\/h4>\n<hr class=\"no_line\" style=\"margin: 0 auto 8px;\"\/>\n\n<p><a class=\"button  button_size_2 button_js\" href=\"https:\/\/www.afaex.org\/afaex\/servicios\/persona-con-deterioro-cognitivo\/\" style=\"background-color:#3b559a!important;color:#fff;\"    ><span class=\"button_label\">Leer M\u00e1s<\/span><\/a>\n<br \/>\ncenter<br \/>\nno-repeat;left top;;<br \/>\nauto<br \/>\n30px 15% 15px<br \/>\nborder-right: 1px solid #3b559a;<\/p>\n<p>Box<br \/>\n<div class=\"image_frame image_item no_link scale-with-grid alignnone no_border\" ><div class=\"image_wrapper\"><img class=\"scale-with-grid\" src=\"https:\/\/www.afaex.org\/afaex\/media\/2019\/09\/ico-familias.png\" alt=\"ico-familias\" title=\"ico-familias\" width=\"91\" height=\"91\"\/><\/div><\/div>\n<\/p>\n<hr class=\"no_line\" style=\"margin: 0 auto 30px;\"\/>\n\n<h4>Atenci\u00f3n a familias<\/h4>\n<hr class=\"no_line\" style=\"margin: 0 auto 10px;\"\/>\n\n<p><a class=\"button  button_size_2 button_js\" href=\"https:\/\/www.afaex.org\/afaex\/servicios\/atencion-a-familias\/\" style=\"background-color:#3b559a!important;color:#fff;\"    ><span class=\"button_label\">Leer M\u00e1s<\/span><\/a>\n<br \/>\ncenter<br \/>\nno-repeat;left top;;<br \/>\nauto<br \/>\n30px 15% 15px<br \/>\nborder-right: 1px solid #3b559a;<\/p>\n<p>Box<br \/>\n<div class=\"image_frame image_item no_link scale-with-grid alignnone no_border\" ><div class=\"image_wrapper\"><img class=\"scale-with-grid\" src=\"https:\/\/www.afaex.org\/afaex\/media\/2019\/09\/ico-sociedad.png\" alt=\"ico-sociedad\" title=\"ico-sociedad\" width=\"91\" height=\"91\"\/><\/div><\/div>\n<\/p>\n<hr class=\"no_line\" style=\"margin: 0 auto 30px;\"\/>\n\n<h4>Sociedad General<\/h4>\n<hr class=\"no_line\" style=\"margin: 0 auto 8px;\"\/>\n\n<p><a class=\"button  button_size_2 button_js\" href=\"https:\/\/www.afaex.org\/afaex\/servicios\/sociedad-general\/\" style=\"background-color:#3b559a!important;color:#fff;\"    ><span class=\"button_label\">Leer M\u00e1s<\/span><\/a>\n<br \/>\ncenter<br \/>\nno-repeat;left top;;<br \/>\nauto<br \/>\n30px 15% 15px<br \/>\nborder-right: 1px solid #3b559a;<\/p>\n<p>Box<br \/>\n<div class=\"image_frame image_item no_link scale-with-grid alignnone no_border\" ><div class=\"image_wrapper\"><img class=\"scale-with-grid\" src=\"https:\/\/www.afaex.org\/afaex\/media\/2019\/07\/ico-hogar.png\" alt=\"ico-hogar\" title=\"ico-hogar\" width=\"91\" height=\"91\"\/><\/div><\/div>\n<\/p>\n<hr class=\"no_line\" style=\"margin: 0 auto 30px;\"\/>\n\n<h4>Centro de d\u00eda<\/h4>\n<hr class=\"no_line\" style=\"margin: 0 auto 40px;\"\/>\n\n<p><a class=\"button  button_size_2 button_js\" href=\"https:\/\/www.afaex.org\/afaex\/servicios\/centro-de-dia\/\" style=\"background-color:#3b559a!important;color:#fff;\"    ><span class=\"button_label\">Leer M\u00e1s<\/span><\/a>\n<br \/>\ncenter<br \/>\nno-repeat;left top;;<br \/>\nauto<br \/>\n30px 15% 15px<\/p>\n<p>Heading + desc<\/p>\n<h2>Juntos podemos ayudarnos<\/h2>\n<hr class=\"no_line\" style=\"margin: 0 auto 5px;\"\/>\n\n<h5>Asociaci\u00f3n Extreme\u00f1a de Familiares de Enfermos de Alzheimer y de otras Demencias Seniles Nuestra Se\u00f1ora de Guadalupe.<\/h5>\n<p>Somos una entidad social SIN \u00c1NIMO DE LUCRO (ONG), que tiene como \u00e1mbito de actuaci\u00f3n la Comunidad Extreme\u00f1a y su objetivo general es coordinar esfuerzos para ayudar a hacer frente a las situaciones que se derivan de la Enfermedad de Alzheimer, en colaboraci\u00f3n con entidades p\u00fablicas y privadas: gobiernos locales, regionales y estatales, instituciones, empresas, y profesionales del \u00e1mbito social y sanitario.<\/p>\n<hr class=\"no_line\" style=\"margin: 0 auto 10px;\"\/>\n\n<p><div class=\"button_align align_left\"><a class=\"button  button_size_2 button_js\" href=\"https:\/\/www.afaex.org\/afaex\/sobre-afaex\/\" style=\"background-color:#3b559a!important;color:#fff;\"    ><span class=\"button_label\">Leer m\u00e1s sobre AFAEX<\/span><\/a><\/div>\n<br \/>\nleft<br \/>\nno-repeat;center top;;<br \/>\nauto<br \/>\n0px<\/p>\n<p><img src=\"https:\/\/www.afaex.org\/afaex\/media\/2019\/07\/img-afaex-01.jpg\" alt=\"img-afaex-01\"><br \/>\ncenter<br \/>\nbordeimg<\/p>\n<p><div class=\"call_to_action\"><div class=\"call_to_action_wrapper\"><div class=\"call_left\"><h3> <\/h3><\/div><div class=\"call_center\"><a href=\"https:\/\/www.youtube.com\/watch?v=xnPoWY4TtUM\" class=\" boton\" rel=\"prettyphoto\" target=\"_blank\"><span class=\"icon_wrapper\"><i class=\"icon-play\"><\/i><\/span><\/a><\/div><div class=\"call_right\"><div class=\"desc\"><\/div><\/div><\/div><\/div>\n<br \/>\ncenter<br \/>\nhttps:\/\/www.afaex.org\/afaex\/media\/2019\/07\/img-afaex-02.jpg<br \/>\nno-repeat;left top;;<br \/>\ncover<br \/>\n0px<br \/>\n50px 80px<br \/>\nborder-radius: 15px;border: 1px solid #fff;<\/p>\n<h2>AFAEX te necesita<\/h2>\n<h3>Convi\u00e9rtete en un VOLUNTARIO<\/h3>\n<h5>Para que AFAEX pueda llevar a cabo su misi\u00f3n, necesita organizarse y contar con personas para ayudar a hacer frente a la enfermedad de Alzheimer.<\/h5>\n<hr class=\"no_line\" style=\"margin: 0 auto 10px;\"\/>\n\n<p><a class=\"button  button_size_2 button_js\" href=\"https:\/\/www.afaex.org\/afaex\/colabora\/\" style=\"background-color:#3b559a!important;color:#fff;\"    ><span class=\"button_label\">Colaborar con AFAEX<\/span><\/a>\n<br \/>\ncenter<br \/>\n#ffffff<br \/>\nno-repeat;left top;;<br \/>\ncover<br \/>\n0px<br \/>\n50px 20px 30px<br \/>\nborder-radius: 15px;border: 1px solid #fff;<\/p>\n<p>Heading + desc<\/p>\n<h2>\u00daltimas noticias sobre AFAEX<\/h2>\n<p>center<br \/>\nno-repeat;center top;;<br \/>\ncover<br \/>\n30px<\/p>\n<p>3<br \/>\nmasonry<br \/>\n3<br \/>\ndate<br \/>\nDESC<\/p>\n<p>Heading + desc<\/p>\n<h2><span class=\"highlight\" style=\"background-color:#3b559a;color:#fff;\">Patrocinadores y colaboradores<\/span>\n<\/h2>\n<p>center<br \/>\nno-repeat;center top;;<br \/>\ncover<br \/>\n0px<\/p>\n<p>40<br \/>\ndefault<\/p>\n<p><img src=\"https:\/\/www.afaex.org\/afaex\/media\/2019\/09\/logo-ministerio02.jpg\" alt=\"logo-ministerio02\"><br \/>\ncenter<br \/>\n<a href=\"https:\/\/www.mscbs.gob.es\">https:\/\/www.mscbs.gob.es<\/a><br \/>\ndisable<\/p>\n<p><img src=\"https:\/\/www.afaex.org\/afaex\/media\/2019\/07\/logo-sepad.jpg\" alt=\"logo-sepad\"><br \/>\ncenter<br \/>\n<a href=\"https:\/\/saludextremadura.ses.es\/sepad\/inicio\">https:\/\/saludextremadura.ses.es\/sepad\/inicio<\/a><br \/>\ndisable<\/p>\n<p><img src=\"https:\/\/www.afaex.org\/afaex\/media\/2019\/07\/logo-diputacion.jpg\" alt=\"logo-diputacion\"><br \/>\ncenter<br \/>\n<a href=\"https:\/\/www.dip-badajoz.es\">https:\/\/www.dip-badajoz.es<\/a><br \/>\ndisable<\/p>\n<p><img src=\"https:\/\/www.afaex.org\/afaex\/media\/2019\/09\/logo-fundacion-ibercaja.jpg\" alt=\"logo-fundacion-ibercaja\"><br \/>\ncenter<br \/>\n<a href=\"https:\/\/www.fundacioncb.es\">https:\/\/www.fundacioncb.es<\/a><br \/>\ndisable<\/p>\n<p>50<br \/>\ndefault<\/p>\n<p><img src=\"https:\/\/www.afaex.org\/afaex\/media\/2019\/07\/logo-bankia.jpg\" alt=\"logo-bankia\"><br \/>\ncenter<br \/>\n<a href=\"https:\/\/enaccion.bankia.com\">https:\/\/enaccion.bankia.com<\/a><br \/>\ndisable<\/p>\n<p><img src=\"https:\/\/www.afaex.org\/afaex\/media\/2019\/09\/logo-reccreativos.jpg\" alt=\"logo-reccreativos\"><br \/>\ncenter<br \/>\n<a href=\"https:\/\/www.reccreativos.com\">https:\/\/www.reccreativos.com<\/a><br \/>\ndisable<\/p>\n","protected":false},"excerpt":{"rendered":"<p>200 default center fadeIn Bienvenido a AFAEX left no-repeat;left top;; cover 0px left<span class=\"excerpt-hellip\"> [\u2026]<\/span><\/p>\n","protected":false},"author":1,"featured_media":473,"parent":0,"menu_order":0,"comment_status":"closed","ping_status":"closed","template":"","meta":{"spay_email":""},"yoast_head":"<!-- This site is optimized with the Yoast SEO plugin v18.0 - https:\/\/yoast.com\/wordpress\/plugins\/seo\/ -->\n<title>Home - AFAEX te ayudamos a hacer frente a la enfermedad de Alzheimer<\/title>\n<meta name=\"description\" content=\"Bienvenid@s a la Asociaci\u00f3n Extreme\u00f1a de Familiares de Enfermos de Alzheimer de Badajoz para hacer frente a la Enfermedad. Juntos podemos ayudarnos.\" \/>\n<meta name=\"robots\" content=\"index, follow, max-snippet:-1, max-image-preview:large, max-video-preview:-1\" \/>\n<link rel=\"canonical\" href=\"https:\/\/www.afaex.org\/afaex\/\" \/>\n<meta property=\"og:locale\" content=\"es_ES\" \/>\n<meta property=\"og:type\" content=\"article\" \/>\n<meta property=\"og:title\" content=\"Home - AFAEX te ayudamos a hacer frente a la enfermedad de Alzheimer\" \/>\n<meta property=\"og:description\" content=\"Bienvenid@s a la Asociaci\u00f3n Extreme\u00f1a de Familiares de Enfermos de Alzheimer de Badajoz para hacer frente a la Enfermedad. Juntos podemos ayudarnos.\" \/>\n<meta property=\"og:url\" content=\"https:\/\/www.afaex.org\/afaex\/\" \/>\n<meta property=\"og:site_name\" content=\"AFAEX\" \/>\n<meta property=\"article:publisher\" content=\"https:\/\/www.facebook.com\/afaex.alzheimer\" \/>\n<meta property=\"article:modified_time\" content=\"2023-06-09T09:38:48+00:00\" \/>\n<meta property=\"og:image\" content=\"https:\/\/www.afaex.org\/afaex\/media\/2019\/09\/AFAEX.png\" \/>\n\t<meta property=\"og:image:width\" content=\"780\" \/>\n\t<meta property=\"og:image:height\" content=\"780\" \/>\n\t<meta property=\"og:image:type\" content=\"image\/png\" \/>\n<meta name=\"twitter:card\" content=\"summary_large_image\" \/>\n<meta name=\"twitter:site\" content=\"@afaex_alzheimer\" \/>\n<meta name=\"twitter:label1\" content=\"Tiempo de lectura\" \/>\n\t<meta name=\"twitter:data1\" content=\"4 minutos\" \/>\n<script type=\"application\/ld+json\" class=\"yoast-schema-graph\">{\"@context\":\"https:\/\/schema.org\",\"@graph\":[{\"@type\":\"Organization\",\"@id\":\"https:\/\/www.afaex.org\/afaex\/#organization\",\"name\":\"AFAEX\",\"url\":\"https:\/\/www.afaex.org\/afaex\/\",\"sameAs\":[\"https:\/\/www.facebook.com\/afaex.alzheimer\",\"https:\/\/twitter.com\/afaex_alzheimer\"],\"logo\":{\"@type\":\"ImageObject\",\"@id\":\"https:\/\/www.afaex.org\/afaex\/#logo\",\"inLanguage\":\"es\",\"url\":\"https:\/\/www.afaex.org\/afaex\/media\/2019\/09\/AFAEX.png\",\"contentUrl\":\"https:\/\/www.afaex.org\/afaex\/media\/2019\/09\/AFAEX.png\",\"width\":780,\"height\":780,\"caption\":\"AFAEX\"},\"image\":{\"@id\":\"https:\/\/www.afaex.org\/afaex\/#logo\"}},{\"@type\":\"WebSite\",\"@id\":\"https:\/\/www.afaex.org\/afaex\/#website\",\"url\":\"https:\/\/www.afaex.org\/afaex\/\",\"name\":\"AFAEX\",\"description\":\"Asociaci\u00f3n Extreme\u00f1a de Familiares de enfermos de Alzheimer\",\"publisher\":{\"@id\":\"https:\/\/www.afaex.org\/afaex\/#organization\"},\"potentialAction\":[{\"@type\":\"SearchAction\",\"target\":{\"@type\":\"EntryPoint\",\"urlTemplate\":\"https:\/\/www.afaex.org\/afaex\/?s={search_term_string}\"},\"query-input\":\"required name=search_term_string\"}],\"inLanguage\":\"es\"},{\"@type\":\"ImageObject\",\"@id\":\"https:\/\/www.afaex.org\/afaex\/#primaryimage\",\"inLanguage\":\"es\",\"url\":\"https:\/\/www.afaex.org\/afaex\/media\/2019\/09\/AFAEX.png\",\"contentUrl\":\"https:\/\/www.afaex.org\/afaex\/media\/2019\/09\/AFAEX.png\",\"width\":780,\"height\":780},{\"@type\":\"WebPage\",\"@id\":\"https:\/\/www.afaex.org\/afaex\/#webpage\",\"url\":\"https:\/\/www.afaex.org\/afaex\/\",\"name\":\"Home - AFAEX te ayudamos a hacer frente a la enfermedad de Alzheimer\",\"isPartOf\":{\"@id\":\"https:\/\/www.afaex.org\/afaex\/#website\"},\"primaryImageOfPage\":{\"@id\":\"https:\/\/www.afaex.org\/afaex\/#primaryimage\"},\"datePublished\":\"2023-03-21T19:08:00+00:00\",\"dateModified\":\"2023-06-09T09:38:48+00:00\",\"description\":\"Bienvenid@s a la Asociaci\u00f3n Extreme\u00f1a de Familiares de Enfermos de Alzheimer de Badajoz para hacer frente a la Enfermedad. Juntos podemos ayudarnos.\",\"breadcrumb\":{\"@id\":\"https:\/\/www.afaex.org\/afaex\/#breadcrumb\"},\"inLanguage\":\"es\",\"potentialAction\":[{\"@type\":\"ReadAction\",\"target\":[\"https:\/\/www.afaex.org\/afaex\/\"]}]},{\"@type\":\"BreadcrumbList\",\"@id\":\"https:\/\/www.afaex.org\/afaex\/#breadcrumb\",\"itemListElement\":[{\"@type\":\"ListItem\",\"position\":1,\"name\":\"Portada\",\"item\":\"https:\/\/www.afaex.org\/afaex\/\"},{\"@type\":\"ListItem\",\"position\":2,\"name\":\"Home\"}]}]}<\/script>\n<!-- \/ Yoast SEO plugin. -->","yoast_head_json":{"title":"Home - AFAEX te ayudamos a hacer frente a la enfermedad de Alzheimer","description":"Bienvenid@s a la Asociaci\u00f3n Extreme\u00f1a de Familiares de Enfermos de Alzheimer de Badajoz para hacer frente a la Enfermedad. Juntos podemos ayudarnos.","robots":{"index":"index","follow":"follow","max-snippet":"max-snippet:-1","max-image-preview":"max-image-preview:large","max-video-preview":"max-video-preview:-1"},"canonical":"https:\/\/www.afaex.org\/afaex\/","og_locale":"es_ES","og_type":"article","og_title":"Home - AFAEX te ayudamos a hacer frente a la enfermedad de Alzheimer","og_description":"Bienvenid@s a la Asociaci\u00f3n Extreme\u00f1a de Familiares de Enfermos de Alzheimer de Badajoz para hacer frente a la Enfermedad. Juntos podemos ayudarnos.","og_url":"https:\/\/www.afaex.org\/afaex\/","og_site_name":"AFAEX","article_publisher":"https:\/\/www.facebook.com\/afaex.alzheimer","article_modified_time":"2023-06-09T09:38:48+00:00","og_image":[{"width":780,"height":780,"url":"https:\/\/www.afaex.org\/afaex\/media\/2019\/09\/AFAEX.png","type":"image\/png"}],"twitter_card":"summary_large_image","twitter_site":"@afaex_alzheimer","twitter_misc":{"Tiempo de lectura":"4 minutos"},"schema":{"@context":"https:\/\/schema.org","@graph":[{"@type":"Organization","@id":"https:\/\/www.afaex.org\/afaex\/#organization","name":"AFAEX","url":"https:\/\/www.afaex.org\/afaex\/","sameAs":["https:\/\/www.facebook.com\/afaex.alzheimer","https:\/\/twitter.com\/afaex_alzheimer"],"logo":{"@type":"ImageObject","@id":"https:\/\/www.afaex.org\/afaex\/#logo","inLanguage":"es","url":"https:\/\/www.afaex.org\/afaex\/media\/2019\/09\/AFAEX.png","contentUrl":"https:\/\/www.afaex.org\/afaex\/media\/2019\/09\/AFAEX.png","width":780,"height":780,"caption":"AFAEX"},"image":{"@id":"https:\/\/www.afaex.org\/afaex\/#logo"}},{"@type":"WebSite","@id":"https:\/\/www.afaex.org\/afaex\/#website","url":"https:\/\/www.afaex.org\/afaex\/","name":"AFAEX","description":"Asociaci\u00f3n Extreme\u00f1a de Familiares de enfermos de Alzheimer","publisher":{"@id":"https:\/\/www.afaex.org\/afaex\/#organization"},"potentialAction":[{"@type":"SearchAction","target":{"@type":"EntryPoint","urlTemplate":"https:\/\/www.afaex.org\/afaex\/?s={search_term_string}"},"query-input":"required name=search_term_string"}],"inLanguage":"es"},{"@type":"ImageObject","@id":"https:\/\/www.afaex.org\/afaex\/#primaryimage","inLanguage":"es","url":"https:\/\/www.afaex.org\/afaex\/media\/2019\/09\/AFAEX.png","contentUrl":"https:\/\/www.afaex.org\/afaex\/media\/2019\/09\/AFAEX.png","width":780,"height":780},{"@type":"WebPage","@id":"https:\/\/www.afaex.org\/afaex\/#webpage","url":"https:\/\/www.afaex.org\/afaex\/","name":"Home - AFAEX te ayudamos a hacer frente a la enfermedad de Alzheimer","isPartOf":{"@id":"https:\/\/www.afaex.org\/afaex\/#website"},"primaryImageOfPage":{"@id":"https:\/\/www.afaex.org\/afaex\/#primaryimage"},"datePublished":"2023-03-21T19:08:00+00:00","dateModified":"2023-06-09T09:38:48+00:00","description":"Bienvenid@s a la Asociaci\u00f3n Extreme\u00f1a de Familiares de Enfermos de Alzheimer de Badajoz para hacer frente a la Enfermedad. Juntos podemos ayudarnos.","breadcrumb":{"@id":"https:\/\/www.afaex.org\/afaex\/#breadcrumb"},"inLanguage":"es","potentialAction":[{"@type":"ReadAction","target":["https:\/\/www.afaex.org\/afaex\/"]}]},{"@type":"BreadcrumbList","@id":"https:\/\/www.afaex.org\/afaex\/#breadcrumb","itemListElement":[{"@type":"ListItem","position":1,"name":"Portada","item":"https:\/\/www.afaex.org\/afaex\/"},{"@type":"ListItem","position":2,"name":"Home"}]}]}},"jetpack_sharing_enabled":true,"_links":{"self":[{"href":"https:\/\/www.afaex.org\/afaex\/wp-json\/wp\/v2\/pages\/725"}],"collection":[{"href":"https:\/\/www.afaex.org\/afaex\/wp-json\/wp\/v2\/pages"}],"about":[{"href":"https:\/\/www.afaex.org\/afaex\/wp-json\/wp\/v2\/types\/page"}],"author":[{"embeddable":true,"href":"https:\/\/www.afaex.org\/afaex\/wp-json\/wp\/v2\/users\/1"}],"replies":[{"embeddable":true,"href":"https:\/\/www.afaex.org\/afaex\/wp-json\/wp\/v2\/comments?post=725"}],"version-history":[{"count":17,"href":"https:\/\/www.afaex.org\/afaex\/wp-json\/wp\/v2\/pages\/725\/revisions"}],"predecessor-version":[{"id":1099,"href":"https:\/\/www.afaex.org\/afaex\/wp-json\/wp\/v2\/pages\/725\/revisions\/1099"}],"wp:featuredmedia":[{"embeddable":true,"href":"https:\/\/www.afaex.org\/afaex\/wp-json\/wp\/v2\/media\/473"}],"wp:attachment":[{"href":"https:\/\/www.afaex.org\/afaex\/wp-json\/wp\/v2\/media?parent=725"}],"curies":[{"name":"wp","href":"https:\/\/api.w.org\/{rel}","templated":true}]}}