{"id":99,"date":"2019-07-03T12:00:32","date_gmt":"2019-07-03T10:00:32","guid":{"rendered":"https:\/\/www.afaex.org\/afaex\/?page_id=99"},"modified":"2022-08-17T20:15:19","modified_gmt":"2022-08-17T18:15:19","slug":"colabora-con-afaex","status":"publish","type":"page","link":"https:\/\/www.afaex.org\/afaex\/colabora\/colabora-con-afaex\/","title":{"rendered":"Colabora con AFAEX"},"content":{"rendered":"<h1>Colabora con AFAEX<\/h1>\n<hr class=\"no_line\" \/>\n\n<h5> Necesitamos  contar con personas para ayudar a hacer frente a las situaciones que se derivan de la enfermedad de Alzheimer, y mejorar la calidad de vida de todos.Para que AFAEX pueda llevar a cabo su misi\u00f3n, necesita organizarse y contar con personas  para ayudar a hacer frente a las situaciones que se derivan de la enfermedad de Alzheimer, y mejorar la calidad de vida de todos.<\/h5>\n<hr class=\"no_line\" \/>\n\n<p><a class=\"button  button_size_2 button_js\" href=\"\"    ><span class=\"button_label\">Button<\/span><\/a>\n<br \/>\ncenter<br \/>\nno-repeat;left top;;<br \/>\nauto<br \/>\n20px<\/p>\n<p>Heading + desc<\/p>\n<h2>Regalo solidario.<\/h2>\n<hr class=\"no_line\" \/>\n\n<p>Si decides que AFAEX forme parte de d\u00edas tan importantes como el de tu boda, la comuni\u00f3n o el bautizo de tu hijo ponte en contacto con nosotros y te contaremos como funciona nuestro servicio de eventos solidarios y tendr\u00e9is a vuestra disposici\u00f3n nuestras tarjetas en las que informareis al resto de invitados que su obsequio es un gesto solidario.<\/p>\n<h4>\u00a1Cambia tu recuerdo por el suyo perdido!<\/h4>\n<hr class=\"no_line\" \/>\n\n<p><a class=\"button  button_size_2 button_js\" href=\"\"    ><span class=\"button_label\">Button<\/span><\/a>\n<br \/>\nleft<br \/>\nno-repeat;left top;;<br \/>\ncover<br \/>\n0px<br \/>\n0 8% 0 0<\/p>\n<p><img src=\"https:\/\/www.afaex.org\/afaex\/media\/2019\/07\/img-trabajos.jpg\" alt=\"img-trabajos\"><br \/>\ncenter<\/p>\n<p>Heading + desc<\/p>\n<h2>Herencias y legados.<\/h2>\n<hr class=\"no_line\" \/>\n\n<p>Tu patrimonio tambi\u00e9n puede ser solidario, dejando en este mundo tu huella \u00fanica e imborrable. Si quieres que AFAEX forme parte de  tu testamento es muy sencillo: decide que patrimonio quieres dejar, cualquier granito de arena es importante al formar una monta\u00f1a,  incl\u00fayenos en tu testamento y comun\u00edcanoslo para agradecerte tu solidaridad y asegurarte que tu legado ser\u00e1 eterno.<\/p>\n<hr class=\"no_line\" \/>\n\n<p><a class=\"button  button_size_2 button_js\" href=\"\"    ><span class=\"button_label\">Button<\/span><\/a>\n<br \/>\nleft<br \/>\nno-repeat;left top;;<br \/>\ncover<br \/>\n0px<\/p>\n<h2> Haz un donativo y ay\u00fadanos  a hacer frente a la enfermedad del Alzheimer.<\/h2>\n<hr class=\"no_line\" \/>\n\n<a class=\"button  button_size_2 button_js\" href=\"\"    ><span class=\"button_label\">Button<\/span><\/a>\n\n<p>center<br \/>\nno-repeat;left top;;<br \/>\nauto<br \/>\n10px<br \/>\n0 10% 0<br \/>\ndark<\/p>\n","protected":false},"excerpt":{"rendered":"<p>Colabora con AFAEX Necesitamos contar con personas para ayudar a hacer frente a<span class=\"excerpt-hellip\"> [\u2026]<\/span><\/p>\n","protected":false},"author":1,"featured_media":366,"parent":53,"menu_order":77,"comment_status":"closed","ping_status":"closed","template":"","meta":{"spay_email":""},"yoast_head":"<!-- This site is optimized with the Yoast SEO plugin v18.0 - https:\/\/yoast.com\/wordpress\/plugins\/seo\/ -->\n<title>Colabora con AFAEX - ayudar a hacer frente a la enfermedad de Alzheimer<\/title>\n<meta name=\"description\" content=\"Ayuda a AFAEX con un donativo, con nuestro servicio de regalo solidario o Herencias y legados y ay\u00fadanos a hacer frente a la enfermedad del Alzheimer.\" \/>\n<meta name=\"robots\" content=\"index, follow, max-snippet:-1, max-image-preview:large, max-video-preview:-1\" \/>\n<link rel=\"canonical\" href=\"https:\/\/www.afaex.org\/afaex\/colabora\/colabora-con-afaex\/\" \/>\n<meta property=\"og:locale\" content=\"es_ES\" \/>\n<meta property=\"og:type\" content=\"article\" \/>\n<meta property=\"og:title\" content=\"Colabora con AFAEX - ayudar a hacer frente a la enfermedad de Alzheimer\" \/>\n<meta property=\"og:description\" content=\"Ayuda a AFAEX con un donativo, con nuestro servicio de regalo solidario o Herencias y legados y ay\u00fadanos a hacer frente a la enfermedad del Alzheimer.\" \/>\n<meta property=\"og:url\" content=\"https:\/\/www.afaex.org\/afaex\/colabora\/colabora-con-afaex\/\" \/>\n<meta property=\"og:site_name\" content=\"AFAEX\" \/>\n<meta property=\"article:publisher\" content=\"https:\/\/www.facebook.com\/afaex.alzheimer\" \/>\n<meta property=\"article:modified_time\" content=\"2022-08-17T18:15:19+00:00\" \/>\n<meta property=\"og:image\" content=\"https:\/\/www.afaex.org\/afaex\/media\/2019\/07\/img-afaex.jpg\" \/>\n\t<meta property=\"og:image:width\" content=\"800\" \/>\n\t<meta property=\"og:image:height\" content=\"800\" \/>\n\t<meta property=\"og:image:type\" content=\"image\/jpeg\" \/>\n<meta name=\"twitter:card\" content=\"summary_large_image\" \/>\n<meta name=\"twitter:site\" content=\"@afaex_alzheimer\" \/>\n<meta name=\"twitter:label1\" content=\"Tiempo de lectura\" \/>\n\t<meta name=\"twitter:data1\" content=\"2 minutos\" \/>\n<script type=\"application\/ld+json\" class=\"yoast-schema-graph\">{\"@context\":\"https:\/\/schema.org\",\"@graph\":[{\"@type\":\"Organization\",\"@id\":\"https:\/\/www.afaex.org\/afaex\/#organization\",\"name\":\"AFAEX\",\"url\":\"https:\/\/www.afaex.org\/afaex\/\",\"sameAs\":[\"https:\/\/www.facebook.com\/afaex.alzheimer\",\"https:\/\/twitter.com\/afaex_alzheimer\"],\"logo\":{\"@type\":\"ImageObject\",\"@id\":\"https:\/\/www.afaex.org\/afaex\/#logo\",\"inLanguage\":\"es\",\"url\":\"https:\/\/www.afaex.org\/afaex\/media\/2019\/09\/AFAEX.png\",\"contentUrl\":\"https:\/\/www.afaex.org\/afaex\/media\/2019\/09\/AFAEX.png\",\"width\":780,\"height\":780,\"caption\":\"AFAEX\"},\"image\":{\"@id\":\"https:\/\/www.afaex.org\/afaex\/#logo\"}},{\"@type\":\"WebSite\",\"@id\":\"https:\/\/www.afaex.org\/afaex\/#website\",\"url\":\"https:\/\/www.afaex.org\/afaex\/\",\"name\":\"AFAEX\",\"description\":\"Asociaci\u00f3n Extreme\u00f1a de Familiares de enfermos de Alzheimer\",\"publisher\":{\"@id\":\"https:\/\/www.afaex.org\/afaex\/#organization\"},\"potentialAction\":[{\"@type\":\"SearchAction\",\"target\":{\"@type\":\"EntryPoint\",\"urlTemplate\":\"https:\/\/www.afaex.org\/afaex\/?s={search_term_string}\"},\"query-input\":\"required name=search_term_string\"}],\"inLanguage\":\"es\"},{\"@type\":\"ImageObject\",\"@id\":\"https:\/\/www.afaex.org\/afaex\/colabora\/colabora-con-afaex\/#primaryimage\",\"inLanguage\":\"es\",\"url\":\"https:\/\/www.afaex.org\/afaex\/media\/2019\/07\/img-afaex.jpg\",\"contentUrl\":\"https:\/\/www.afaex.org\/afaex\/media\/2019\/07\/img-afaex.jpg\",\"width\":800,\"height\":800},{\"@type\":\"WebPage\",\"@id\":\"https:\/\/www.afaex.org\/afaex\/colabora\/colabora-con-afaex\/#webpage\",\"url\":\"https:\/\/www.afaex.org\/afaex\/colabora\/colabora-con-afaex\/\",\"name\":\"Colabora con AFAEX - ayudar a hacer frente a la enfermedad de Alzheimer\",\"isPartOf\":{\"@id\":\"https:\/\/www.afaex.org\/afaex\/#website\"},\"primaryImageOfPage\":{\"@id\":\"https:\/\/www.afaex.org\/afaex\/colabora\/colabora-con-afaex\/#primaryimage\"},\"datePublished\":\"2019-07-03T10:00:32+00:00\",\"dateModified\":\"2022-08-17T18:15:19+00:00\",\"description\":\"Ayuda a AFAEX con un donativo, con nuestro servicio de regalo solidario o Herencias y legados y ay\u00fadanos a hacer frente a la enfermedad del Alzheimer.\",\"breadcrumb\":{\"@id\":\"https:\/\/www.afaex.org\/afaex\/colabora\/colabora-con-afaex\/#breadcrumb\"},\"inLanguage\":\"es\",\"potentialAction\":[{\"@type\":\"ReadAction\",\"target\":[\"https:\/\/www.afaex.org\/afaex\/colabora\/colabora-con-afaex\/\"]}]},{\"@type\":\"BreadcrumbList\",\"@id\":\"https:\/\/www.afaex.org\/afaex\/colabora\/colabora-con-afaex\/#breadcrumb\",\"itemListElement\":[{\"@type\":\"ListItem\",\"position\":1,\"name\":\"Portada\",\"item\":\"https:\/\/www.afaex.org\/afaex\/\"},{\"@type\":\"ListItem\",\"position\":2,\"name\":\"Colabora\",\"item\":\"https:\/\/www.afaex.org\/afaex\/colabora\/\"},{\"@type\":\"ListItem\",\"position\":3,\"name\":\"Colabora con AFAEX\"}]}]}<\/script>\n<!-- \/ Yoast SEO plugin. -->","yoast_head_json":{"title":"Colabora con AFAEX - ayudar a hacer frente a la enfermedad de Alzheimer","description":"Ayuda a AFAEX con un donativo, con nuestro servicio de regalo solidario o Herencias y legados y ay\u00fadanos a hacer frente a la enfermedad del Alzheimer.","robots":{"index":"index","follow":"follow","max-snippet":"max-snippet:-1","max-image-preview":"max-image-preview:large","max-video-preview":"max-video-preview:-1"},"canonical":"https:\/\/www.afaex.org\/afaex\/colabora\/colabora-con-afaex\/","og_locale":"es_ES","og_type":"article","og_title":"Colabora con AFAEX - ayudar a hacer frente a la enfermedad de Alzheimer","og_description":"Ayuda a AFAEX con un donativo, con nuestro servicio de regalo solidario o Herencias y legados y ay\u00fadanos a hacer frente a la enfermedad del Alzheimer.","og_url":"https:\/\/www.afaex.org\/afaex\/colabora\/colabora-con-afaex\/","og_site_name":"AFAEX","article_publisher":"https:\/\/www.facebook.com\/afaex.alzheimer","article_modified_time":"2022-08-17T18:15:19+00:00","og_image":[{"width":800,"height":800,"url":"https:\/\/www.afaex.org\/afaex\/media\/2019\/07\/img-afaex.jpg","type":"image\/jpeg"}],"twitter_card":"summary_large_image","twitter_site":"@afaex_alzheimer","twitter_misc":{"Tiempo de lectura":"2 minutos"},"schema":{"@context":"https:\/\/schema.org","@graph":[{"@type":"Organization","@id":"https:\/\/www.afaex.org\/afaex\/#organization","name":"AFAEX","url":"https:\/\/www.afaex.org\/afaex\/","sameAs":["https:\/\/www.facebook.com\/afaex.alzheimer","https:\/\/twitter.com\/afaex_alzheimer"],"logo":{"@type":"ImageObject","@id":"https:\/\/www.afaex.org\/afaex\/#logo","inLanguage":"es","url":"https:\/\/www.afaex.org\/afaex\/media\/2019\/09\/AFAEX.png","contentUrl":"https:\/\/www.afaex.org\/afaex\/media\/2019\/09\/AFAEX.png","width":780,"height":780,"caption":"AFAEX"},"image":{"@id":"https:\/\/www.afaex.org\/afaex\/#logo"}},{"@type":"WebSite","@id":"https:\/\/www.afaex.org\/afaex\/#website","url":"https:\/\/www.afaex.org\/afaex\/","name":"AFAEX","description":"Asociaci\u00f3n Extreme\u00f1a de Familiares de enfermos de Alzheimer","publisher":{"@id":"https:\/\/www.afaex.org\/afaex\/#organization"},"potentialAction":[{"@type":"SearchAction","target":{"@type":"EntryPoint","urlTemplate":"https:\/\/www.afaex.org\/afaex\/?s={search_term_string}"},"query-input":"required name=search_term_string"}],"inLanguage":"es"},{"@type":"ImageObject","@id":"https:\/\/www.afaex.org\/afaex\/colabora\/colabora-con-afaex\/#primaryimage","inLanguage":"es","url":"https:\/\/www.afaex.org\/afaex\/media\/2019\/07\/img-afaex.jpg","contentUrl":"https:\/\/www.afaex.org\/afaex\/media\/2019\/07\/img-afaex.jpg","width":800,"height":800},{"@type":"WebPage","@id":"https:\/\/www.afaex.org\/afaex\/colabora\/colabora-con-afaex\/#webpage","url":"https:\/\/www.afaex.org\/afaex\/colabora\/colabora-con-afaex\/","name":"Colabora con AFAEX - ayudar a hacer frente a la enfermedad de Alzheimer","isPartOf":{"@id":"https:\/\/www.afaex.org\/afaex\/#website"},"primaryImageOfPage":{"@id":"https:\/\/www.afaex.org\/afaex\/colabora\/colabora-con-afaex\/#primaryimage"},"datePublished":"2019-07-03T10:00:32+00:00","dateModified":"2022-08-17T18:15:19+00:00","description":"Ayuda a AFAEX con un donativo, con nuestro servicio de regalo solidario o Herencias y legados y ay\u00fadanos a hacer frente a la enfermedad del Alzheimer.","breadcrumb":{"@id":"https:\/\/www.afaex.org\/afaex\/colabora\/colabora-con-afaex\/#breadcrumb"},"inLanguage":"es","potentialAction":[{"@type":"ReadAction","target":["https:\/\/www.afaex.org\/afaex\/colabora\/colabora-con-afaex\/"]}]},{"@type":"BreadcrumbList","@id":"https:\/\/www.afaex.org\/afaex\/colabora\/colabora-con-afaex\/#breadcrumb","itemListElement":[{"@type":"ListItem","position":1,"name":"Portada","item":"https:\/\/www.afaex.org\/afaex\/"},{"@type":"ListItem","position":2,"name":"Colabora","item":"https:\/\/www.afaex.org\/afaex\/colabora\/"},{"@type":"ListItem","position":3,"name":"Colabora con AFAEX"}]}]}},"jetpack_sharing_enabled":true,"_links":{"self":[{"href":"https:\/\/www.afaex.org\/afaex\/wp-json\/wp\/v2\/pages\/99"}],"collection":[{"href":"https:\/\/www.afaex.org\/afaex\/wp-json\/wp\/v2\/pages"}],"about":[{"href":"https:\/\/www.afaex.org\/afaex\/wp-json\/wp\/v2\/types\/page"}],"author":[{"embeddable":true,"href":"https:\/\/www.afaex.org\/afaex\/wp-json\/wp\/v2\/users\/1"}],"replies":[{"embeddable":true,"href":"https:\/\/www.afaex.org\/afaex\/wp-json\/wp\/v2\/comments?post=99"}],"version-history":[{"count":5,"href":"https:\/\/www.afaex.org\/afaex\/wp-json\/wp\/v2\/pages\/99\/revisions"}],"predecessor-version":[{"id":987,"href":"https:\/\/www.afaex.org\/afaex\/wp-json\/wp\/v2\/pages\/99\/revisions\/987"}],"up":[{"embeddable":true,"href":"https:\/\/www.afaex.org\/afaex\/wp-json\/wp\/v2\/pages\/53"}],"wp:featuredmedia":[{"embeddable":true,"href":"https:\/\/www.afaex.org\/afaex\/wp-json\/wp\/v2\/media\/366"}],"wp:attachment":[{"href":"https:\/\/www.afaex.org\/afaex\/wp-json\/wp\/v2\/media?parent=99"}],"curies":[{"name":"wp","href":"https:\/\/api.w.org\/{rel}","templated":true}]}}